{"id":703,"date":"2025-02-01T11:09:44","date_gmt":"2025-02-01T10:09:44","guid":{"rendered":"https:\/\/verona.wordcamp.org\/2025\/?page_id=703"},"modified":"2025-09-24T18:49:55","modified_gmt":"2025-09-24T16:49:55","slug":"contributor-day","status":"publish","type":"page","link":"https:\/\/verona.wordcamp.org\/2025\/contributor-day\/","title":{"rendered":"Contributor Day"},"content":{"rendered":"\n<div class=\"wp-block-buttons is-layout-flex wp-block-buttons-is-layout-flex\">\n<div class=\"wp-block-button has-custom-width wp-block-button__width-25\"><a class=\"wp-block-button__link has-custom-d-7-f-6-e-8-color has-custom-042-f-57-background-color has-text-color has-background has-link-color has-custom-font-size wp-element-button\" href=\"https:\/\/verona.wordcamp.org\/2025\/contributor-day-en\/\" style=\"font-size:clamp(0.875em, 0.875rem + ((1vw - 0.2em) * 0.225), 1.1em);\">English version <i class=\"fa fa-arrow-right\" aria-hidden=\"true\"><\/i> <\/a><\/div>\n<\/div>\n\n\n\n<p>WordCamp Verona 2025 si compone di due giornate:<\/p>\n\n\n\n<ul class=\"wp-block-list\">\n<li>il venerd\u00ec c\u2019\u00e8 il Contributor Day durante il quale potrai farti coinvolgere attivamente dalla Community di WordPress<\/li>\n\n\n\n<li>il sabato c\u2019\u00e8 la conferenza e potrai ascoltare molti interventi interessanti<\/li>\n<\/ul>\n\n\n\n<h2 class=\"wp-block-heading has-custom-ff-4338-color has-text-color has-link-color wp-elements-bbf6ac459e2812508c5109c122e0225b\"><strong>Cos\u2019\u00e8 il Contributor Day<\/strong><\/h2>\n\n\n\n<p>\u00c8 una giornata rivolta a tutte le persone che vogliono contribuire attivamente e da subito al progetto Open Source WordPress.org, <strong>aperta anche a chi non ha alcuna esperienza<\/strong>.&nbsp;<\/p>\n\n\n\n<p>Se invece sai gi\u00e0 come funziona potrai condividere le tue conoscenze con chi viene al suo primo Contributor Day oppure portare avanti attivit\u00e0 per le quali ci siamo dati un obiettivo nei giorni che precedono il WordCamp.<\/p>\n\n\n\n<p>Come tutti i progetti open source, WordPress \u00e8 aggiornato e migliorato continuamente da persone sparse in tutto il mondo che gli dedicano una parte del proprio tempo. Ed \u00e8 una parte fondamentale del successo del nostro CMS preferito.<\/p>\n\n\n\n<p>Se non hai mai contribuito a un progetto open source, il Contributor Day \u00e8 un modo eccellente per provare, per entrare in contatto diretto con la vivace Community italiana di WordPress e iniziare a contribuire per davvero.<\/p>\n\n\n\n<p>Chi \u00e8 gi\u00e0 parte attiva ed esperta della Community ti aiuter\u00e0 ad ambientarti e ti guider\u00e0 nel lavoro.&nbsp;<\/p>\n\n\n\n<p>Preparati a lavorare <strong>fianco a fianco con persone provenienti dall\u2019Italia e dall\u2019estero<\/strong>, sar\u00e0 una giornata indimenticabile!<\/p>\n\n\n\n<h2 class=\"wp-block-heading has-custom-00-b-3-e-3-color has-text-color has-link-color wp-elements-514cb67145d30bb3dab788b17be0c4c6\"><strong>Quando e dove<\/strong><\/h2>\n\n\n\n<p>Il Contributor Day si svolger\u00e0 <strong>venerd\u00ec 10 ottobre 2025 <\/strong>presso l\u2019<a href=\"https:\/\/goo.gl\/maps\/tmq4UaVgvF32\"><strong>Hotel San Marco<\/strong><\/a>, in <strong>Via Longhena 42, Verona <\/strong>(<a href=\"https:\/\/goo.gl\/maps\/tmq4UaVgvF32\">mappa Google<\/a>). Le registrazioni aprono alle ore <strong>9:00<\/strong> e indicativamente la giornata di lavori finir\u00e0 alle ore <strong>17:00<\/strong>, pranzeremo insieme sempre presso l&#8217;Hotel San Marco.<\/p>\n\n\n\n<h2 class=\"wp-block-heading has-custom-05-ce-7-c-color has-text-color has-link-color wp-elements-a2fd93b74cc7c5832793cfe0d8c0f40a\"><strong>Pranzo<\/strong><\/h2>\n\n\n\n<p>Non ti preoccupare del caff\u00e8 e del pranzo: a quelli ci pensiamo noi!<\/p>\n\n\n\n<h2 class=\"wp-block-heading has-custom-da-3-ab-3-color has-text-color has-link-color wp-elements-68b26ff83f26db011c037bf0cb38799a\"><strong>Come ci si iscrive al Contributor Day<\/strong><\/h2>\n\n\n\n<p>Per poter partecipare \u00e8 necessario acquistare il biglietto del WordCamp e durante la procedura di acquisto segnare che si intende partecipare al Contributor Day del venerd\u00ec. <strong>I posti disponibili ai tavoli del Contributor Day purtroppo sono limitati<\/strong>, se durante la procedura di acquisto non compare la sezione ad esso dedicata vuol dire che i posti sono gi\u00e0 terminati.<\/p>\n\n\n\n<p>Se hai acquistato il biglietto segnando anche la partecipazione al Contributor Day e successivamente non puoi pi\u00f9 essere presente il venerd\u00ec, ti chiediamo di segnalarcelo per poter rendere disponibile questa opportunit\u00e0 per qualcun altro.<\/p>\n\n\n\n<h2 class=\"wp-block-heading has-custom-ff-4338-color has-text-color has-link-color wp-elements-66083dce64532c7c560b72ffb7d7bb91\"><strong>Posti limitati<\/strong><\/h2>\n\n\n\n<p>Attenzione, lo evidenziamo nuovamente: <strong>i posti sono limitati<\/strong> e la propria partecipazione va segnata in fase di acquisto del biglietto del WordCamp.<\/p>\n\n\n\n<h2 class=\"wp-block-heading has-custom-00-b-3-e-3-color has-text-color has-link-color wp-elements-6d44a0a9240e7bd0351331257aee9e86\"><strong>A chi \u00e8 rivolto<\/strong><\/h2>\n\n\n\n<p>A <strong>chiunque<\/strong>. Da chi \u00e8 alle prime armi a chi ha gi\u00e0 molta esperienza.<\/p>\n\n\n\n<h2 class=\"wp-block-heading has-custom-05-ce-7-c-color has-text-color has-link-color wp-elements-13c06fcee077578e54072b6e308d83ae\"><strong>Gruppi di lavoro<\/strong><\/h2>\n\n\n\n<p>Potrai sederti al tavolo di lavoro che preferisci e poi cambiare durante la giornata. <br>Non preoccuparti, il nostro approccio \u00e8 rilassato e inclusivo.<\/p>\n\n\n\n<p>Pensi di non trovare il tavolo che fa per te?&nbsp;<\/p>\n\n\n\n<p>Ti facciamo alcuni esempi di attivit\u00e0 che magari non pensi facciano parte delle contribuzioni e invece lo sono:<\/p>\n\n\n\n<ul class=\"wp-block-list\">\n<li>eseguire il test delle versioni beta prima dei nuovi rilasci<\/li>\n\n\n\n<li>organizzare eventi, come i Meetup e i WordCamp<\/li>\n\n\n\n<li>leggere e\/o modificare la documentazione per renderla pi\u00f9 chiara<\/li>\n\n\n\n<li>scrivere i testi copy per il gruppo marketing<\/li>\n\n\n\n<li>tradurre la documentazione, i temi, i plugin e WordPress<\/li>\n\n\n\n<li>caricare foto idonee nella directory di WordPress<\/li>\n\n\n\n<li>\u2026<\/li>\n<\/ul>\n\n\n\n<p><strong>Al Contributor Day di Verona troverai solo alcuni dei gruppi principali, ma potrai chiedere anche come entrare in contatto con gli altri team.<\/strong><\/p>\n\n\n\n<div class=\"wp-block-buttons is-layout-flex wp-block-buttons-is-layout-flex\">\n<div class=\"wp-block-button has-custom-width wp-block-button__width-50\"><a class=\"wp-block-button__link has-base-2-color has-custom-da-3-ab-3-background-color has-text-color has-background has-link-color has-custom-font-size wp-element-button\" href=\"https:\/\/verona.wordcamp.org\/2025\/contributor-day-come-funziona-cosa-portare-quali-tavoli-ci-saranno\/\" style=\"font-size:clamp(0.875em, 0.875rem + ((1vw - 0.2em) * 0.225), 1.1em);\">Scopri i gruppi che troverai al Contributor Day di WordCamp Verona<i class=\"fa fa-arrow-right\" aria-hidden=\"true\"><\/i><\/a><\/div>\n<\/div>\n\n\n\n<p>Questo invece \u00e8 l&#8217;elenco completo dei <a href=\"https:\/\/make.wordpress.org\/\">24 gruppi di lavoro<\/a> che attualmente sono presenti nel progetto WordPress a livello internazionale:<\/p>\n\n\n\n<ul class=\"wp-block-list\">\n<li><strong>Accessibility<\/strong>: il gruppo<em> a11y <\/em>\u2013 lo troverai nominato cos\u00ec questo team \u2013 fornisce competenze in materia di accessibilit\u00e0 in tutto il progetto. Qui ci si d\u00e0 da fare per garantire che il core e tutte le risorse di WordPress siano accessibili.<\/li>\n\n\n\n<li><strong>CLI<\/strong>: WP-CLI \u00e8 lo strumento ufficiale da riga di comando per interagire e gestire i tuoi siti WordPress. Contribuire a questo progetto non vuol dire solo scrivere codice, ma anche aiutare a curare la documentazione e creare tutorial per l\u2019utilizzo di WP-CLI.<\/li>\n\n\n\n<li><strong>Community<\/strong>: se ti interessa organizzare un meetup o un WordCamp, il blog della Community \u00e8 un ottimo punto di partenza. Ci sono gruppi che lavorano per supportare eventi, creare programmi di sensibilizzazione e formazione e, in generale, supportare la comunit\u00e0.<\/li>\n\n\n\n<li><strong>Core<\/strong>: il team Core scrive e mantiene il codice di WordPress. Che tu abbia molta esperienza&nbsp; di PHP, HTML, JavaScript o CSS o che tu stia semplicemente imparando a programmare, ci piacerebbe averti a bordo. Puoi scrivere codice, correggere bug, discutere decisioni e aiutare con lo sviluppo.<\/li>\n\n\n\n<li><strong>Core Performance:<\/strong> il team Core Performance \u00e8 dedicato al monitoraggio, al miglioramento e alla promozione delle prestazioni del core e di tutto l\u2019ecosistema attorno a WordPress.<\/li>\n\n\n\n<li><strong>Design<\/strong>: il gruppo Design \u00e8 focalizzato sulla progettazione e lo sviluppo dell\u2019interfaccia utente. \u00c8 il team perfetto per te se sei designer e UX<em>er<\/em>. Ci sono discussioni e confronti frequenti su mockup, design e test d\u2019uso.<\/li>\n\n\n\n<li><strong>Documentation<\/strong>: il team Documentazione crea, appunto, tutta la documentazione presente nei siti ufficiali di WordPress.org e vista la mole notevole di documenti prodotta \u00e8 sempre alla ricerca di nuovi autori.&nbsp;<\/li>\n\n\n\n<li><strong>Hosting<\/strong>: il team Hosting crea documentazione sulle pratiche migliori per la gestione di un hosting per WordPress. Lavora inoltre alla creazione di strumenti che possono migliorare le performance di WordPress ogni qual volta ci sono evoluzioni nell\u2019ambiente che lo ospita (nuove versioni di PHP, dei motori dei database o dei server web).<\/li>\n\n\n\n<li><strong>Marketing<\/strong>: la vision del team Marketing \u00e8 quella di essere la risorsa di riferimento per le strategie comunicative e i contenuti per tutti gli altri team di WordPress. Se anche tu vuoi far conoscere WordPress a sempre pi\u00f9 utenti collabora col team Marketing.<\/li>\n\n\n\n<li><strong>Media Corps<\/strong>: WordPress Media Corps \u00e8 un nuovo progetto sperimentale che mira a supportare chi si occupa di marketing e le persone attive nei media indipendenti di WordPress nella produzione di contenuti di qualit\u00e0 eccellente, con meno tempo e fatica.<\/li>\n\n\n\n<li><strong>Meta<\/strong>: il team Meta gestisce i siti ufficiali di WordPress.org, fornisce supporto e crea strumenti per l\u2019uso avanzato di questi siti da parte di tutti i gruppi. Se vuoi contribuire a migliorare WordPress.org, inizia iscrivendoti agli aggiornamenti del blog del team Meta.<\/li>\n\n\n\n<li><strong>Mobile<\/strong>: il team Mobile crea le app iOS e Android. Presta loro le tue abilit\u00e0 Java, Objective-C o Swift. Il team ha anche bisogno di designer, esperti di UX e tester per offrire a chi utilizza l\u2019app di WordPress un\u2019esperienza fluida su ogni dispositivo.&nbsp;<\/li>\n\n\n\n<li><strong>Openverse<\/strong>: Openverse \u00e8 un motore di ricerca per i file media (immagini, video, ecc\u2026) con licenza <em>open<\/em>. Il team di Openverse implementa nuove funzionalit\u00e0 e gestisce il catalogo dei media; mantiene l\u2019API pubblica e il motore di ricerca front-end; sviluppa integrazioni WordPress per condividere Openverse con l\u2019intera community di WordPress.<\/li>\n\n\n\n<li><strong>Playground<\/strong>: Il team di Playground lavora su WordPress Playground: la piattaforma che consente di eseguire WordPress istantaneamente su qualsiasi dispositivo senza un host, il pi\u00f9 delle volte in un browser.<\/li>\n\n\n\n<li><strong>Plugins<\/strong>: il team di revisione dei plugin esamina e approva ciascun plugin inviato al repository WordPress, affinch\u00e9 sia conforme agli standard definiti dalle linee guida. La revisione dei plugin affiner\u00e0 le tue capacit\u00e0 di sviluppo degli stessi.&nbsp;<\/li>\n\n\n\n<li><strong>Polyglots<\/strong>: WordPress \u00e8 utilizzato in tutto il mondo e in molte lingue diverse. Se sei <em>poliglotta<\/em>, aiutaci traducendo WordPress, i plugin, i temi e i siti ufficiali nella tua lingua. Puoi anche aiutare a creare gli strumenti che semplificano le traduzioni. Inoltre il team Polyglots collabora con molti altri team, ogni volta in cui c\u2019\u00e8 bisogno di una traduzione, in particolare quelli di Documentazione e Training.<\/li>\n\n\n\n<li><strong>Photos<\/strong>: il team Photos modera ogni foto inviata alla directory Photos di WordPress, mantiene e migliora il sito della directory stessa e fornisce risorse e documentazione per educare, incoraggiare e facilitare chi condivide le proprie foto.<\/li>\n\n\n\n<li><strong>Support<\/strong>: rispondere a una domanda nei forum di supporto o su IRC \u00e8 uno dei modi pi\u00f9 semplici per iniziare a contribuire. Inoltre, aiutando a risolvere i dubbi e i problemi delle persone, imparerai tante cose su WordPress che sicuramente saranno utili anche a te! Tutti ottimi motivi per entrare a far parte del team Support.<\/li>\n\n\n\n<li><strong>Sustainability: <\/strong>questo team \u00e8 nato da poco, ma avr\u00e0 un ruolo sempre pi\u00f9 importante, si occupa infatti di inserire delle pratiche sostenibili nella community di WordPress e nelle sue procedure. In particolare per migliorare la sostenibilit\u00e0 degli eventi di WordPress e assicurarne la longevit\u00e0 sociale, economica e ambientale.<\/li>\n\n\n\n<li><strong>Test<\/strong>:&nbsp; nel gruppo di test mettono sotto stress l\u2019intero ecosistema di WordPress su ogni dispositivo che abbiano a portata di mano. Testano, documentano e segnalano eventuali problemi sull\u2019esperienza d\u2019uso di WordPress, a 360\u00b0.<\/li>\n\n\n\n<li><strong>Themes<\/strong>: il team di revisione dei temi esamina e approva ciascun tema inviato al repository WordPress, affinch\u00e9 sia conforme ai nostri standard. La revisione dei temi affiner\u00e0 le tue capacit\u00e0 di sviluppo degli stessi.&nbsp;<\/li>\n\n\n\n<li><strong>Tide<\/strong>: il team di Tide sviluppa test automatici sulla qualit\u00e0 del codice di plugin e temi caricati nelle directory del progetto WordPress.org e rende i risultati disponibili per chi li ha sviluppati e per chi intende usarli.Puoi contribuire suggerendo nuovi test o documentando quelli esistenti.<\/li>\n\n\n\n<li><strong>Training<\/strong>: il team Training di WordPress aiuta le persone a imparare a utilizzare, estendere e contribuire a WordPress attraverso l\u2019apprendimento sincrono e asincrono, nonch\u00e9 piani di lezione scaricabili per chi vuole tenere un workshop dal vivo, tutti i video e i materiali per la formazione si trovano su&nbsp; <strong>learn.wordpress.org<\/strong>.&nbsp;<\/li>\n\n\n\n<li><strong>TV<\/strong>: nel team TV esaminano e approvano ogni video inviato a WordPress.tv in modo che i video pubblicati rispettino gli standard di qualit\u00e0 e abbiano tutti i metadati necessari. Aiutano anche gli organiser dei WordCamp con la post-produzione dei video e sono responsabili della didascalia e dei sottotitoli dei video pubblicati.&nbsp;<\/li>\n<\/ul>\n\n\n\n<p>Scopri di pi\u00f9 su ciascun team su <a href=\"https:\/\/make.wordpress.org\/\">Make WordPress<\/a>.<\/p>\n\n\n\n<h2 class=\"wp-block-heading has-custom-da-3-ab-3-color has-text-color has-link-color wp-elements-62d8047fd160b9a5c31f40cc634c5499\"><strong>Come prepararsi<\/strong><\/h2>\n\n\n\n<ul class=\"wp-block-list\">\n<li><a href=\"https:\/\/login.wordpress.org\/register?locale=it_IT\">crea un account WordPress.org<\/a><\/li>\n\n\n\n<li><a href=\"https:\/\/make.wordpress.org\/\">fai un giro su Make WordPress<\/a> per conoscere i diversi team di contribuzione<\/li>\n\n\n\n<li>raggiungici nello Slack della community WordPress italiana, sul sito italiano di WordPress<a href=\"https:\/\/it.wordpress.org\/slack\/\"> c\u2019\u00e8 la guida all\u2019iscrizione<\/a>; se incontri qualche difficolt\u00e0 non ti preoccupare ti aiuteremo noi il giorno del Contributor Day<\/li>\n\n\n\n<li>esplora qualche canale (community, polyglots, forum) e fai qualche domanda prima dell\u2019evento o fai anche solo un saluto<\/li>\n\n\n\n<li>non \u00e8 fondamentale parlare l\u2019inglese, ma una sua conoscenza base aiuter\u00e0 nella lettura della documentazione<\/li>\n<\/ul>\n\n\n\n<div class=\"wp-block-group is-nowrap is-layout-flex wp-container-core-group-is-layout-6c531013 wp-block-group-is-layout-flex\">\n<p>Account wordpress.org e Slack: <\/p>\n\n\n\n<div class=\"wp-block-buttons is-layout-flex wp-block-buttons-is-layout-flex\">\n<div class=\"wp-block-button\"><a class=\"wp-block-button__link has-custom-042-f-57-background-color has-background wp-element-button\" href=\"https:\/\/docs.google.com\/document\/d\/1TSvEGg4MREtkR9zPCNMosnafqU__KKdFlm-R_ecwm6A\/edit#heading=h.50v5jvfm2qh0\">istruzioni dettagliate<\/a><\/div>\n<\/div>\n<\/div>\n\n\n\n<h2 class=\"wp-block-heading has-custom-ff-4338-color has-text-color has-link-color wp-elements-e71622328bbf0363b51d8a6dab3fc353\"><strong>Cosa portare<\/strong><\/h2>\n\n\n\n<ul class=\"wp-block-list\">\n<li>il tuo <strong>computer<\/strong>, \u00e8 necessario per quasi tutti i team<\/li>\n\n\n\n<li>il <strong>caricabatterie<\/strong>!<\/li>\n\n\n\n<li>se ti piace prendere appunti sulla carta porta anche un quaderno e penne<\/li>\n\n\n\n<li>e perch\u00e9 no? <strong>Biglietti da visita<\/strong> per restare in contatto con tutte le nuove persone che conoscerai a Verona!<\/li>\n<\/ul>\n\n\n\n<p>Ti aspettiamo a Verona per contribuire a WordPress!<\/p>\n","protected":false},"excerpt":{"rendered":"<p>WordCamp Verona 2025 si compone di due giornate: Cos\u2019\u00e8 il Contributor Day \u00c8 una giornata rivolta a tutte le persone che vogliono contribuire attivamente e da subito al progetto Open Source WordPress.org, aperta anche a chi non ha alcuna esperienza.&nbsp; Se invece sai gi\u00e0 come funziona potrai condividere le tue conoscenze con chi viene al [&hellip;]<\/p>\n","protected":false},"author":16204602,"featured_media":819,"parent":0,"menu_order":0,"comment_status":"closed","ping_status":"closed","template":"","meta":{"jetpack_post_was_ever_published":false,"footnotes":""},"class_list":["post-703","page","type-page","status-publish","has-post-thumbnail","hentry"],"jetpack_sharing_enabled":true,"_links":{"self":[{"href":"https:\/\/verona.wordcamp.org\/2025\/wp-json\/wp\/v2\/pages\/703","targetHints":{"allow":["GET"]}}],"collection":[{"href":"https:\/\/verona.wordcamp.org\/2025\/wp-json\/wp\/v2\/pages"}],"about":[{"href":"https:\/\/verona.wordcamp.org\/2025\/wp-json\/wp\/v2\/types\/page"}],"author":[{"embeddable":true,"href":"https:\/\/verona.wordcamp.org\/2025\/wp-json\/wp\/v2\/users\/16204602"}],"replies":[{"embeddable":true,"href":"https:\/\/verona.wordcamp.org\/2025\/wp-json\/wp\/v2\/comments?post=703"}],"version-history":[{"count":18,"href":"https:\/\/verona.wordcamp.org\/2025\/wp-json\/wp\/v2\/pages\/703\/revisions"}],"predecessor-version":[{"id":2844,"href":"https:\/\/verona.wordcamp.org\/2025\/wp-json\/wp\/v2\/pages\/703\/revisions\/2844"}],"wp:featuredmedia":[{"embeddable":true,"href":"https:\/\/verona.wordcamp.org\/2025\/wp-json\/wp\/v2\/media\/819"}],"wp:attachment":[{"href":"https:\/\/verona.wordcamp.org\/2025\/wp-json\/wp\/v2\/media?parent=703"}],"curies":[{"name":"wp","href":"https:\/\/api.w.org\/{rel}","templated":true}]}}