{"id":13,"date":"2025-02-04T10:58:20","date_gmt":"2025-02-04T09:58:20","guid":{"rendered":"https:\/\/verona.wordcamp.org\/2025\/?page_id=13"},"modified":"2025-10-11T09:44:12","modified_gmt":"2025-10-11T07:44:12","slug":"tickets","status":"publish","type":"page","link":"https:\/\/verona.wordcamp.org\/2025\/tickets\/","title":{"rendered":"Tickets"},"content":{"rendered":"\n<div class=\"wp-block-columns is-layout-flex wp-container-core-columns-is-layout-e0e4babd wp-block-columns-is-layout-flex\" style=\"padding-right:0;padding-left:0\">\n<div class=\"wp-block-column is-layout-flow wp-block-column-is-layout-flow\" style=\"flex-basis:100%\">\n<p class=\"has-custom-042-f-57-color has-text-color has-link-color wp-elements-170b3dfe61eef0b25b74b0576e5dcd8f\" style=\"padding-top:0;padding-right:0;padding-bottom:0;padding-left:0;font-size:clamp(1.146em, 1.146rem + ((1vw - 0.2em) * 0.654), 1.8em);\">I biglietti per il&nbsp;<strong>WordCamp Verona 2025 che si terr\u00e0 i giorni 10 e 11 ottobre 202<\/strong>5&nbsp;sono in vendita.&nbsp; <strong>Prenota subito il tuo posto!<\/strong><\/p>\n\n\n\n<p class=\"has-custom-da-3-ab-3-color has-text-color has-link-color wp-elements-7e14c511f2fb387c63153f8335078b3e\" style=\"padding-top:0;padding-right:0;padding-bottom:0;padding-left:0;font-size:clamp(1.743em, 1.743rem + ((1vw - 0.2em) * 1.257), 3em);\"><strong>Tipologie di biglietti<\/strong><\/p>\n\n\n\n<p class=\"has-custom-00-b-3-e-3-color has-text-color has-link-color wp-elements-d2c0f22f4fc64ecee1150123f2fa3447\" style=\"padding-top:0;padding-right:0;padding-bottom:0;padding-left:0;font-size:clamp(1.25em, 1.25rem + ((1vw - 0.2em) * 0.75), 2em);\"><strong>1. WordCamp Verona, 10\u201311 ottobre 2025 \u2013 solo ingresso<\/strong><\/p>\n<\/div>\n<\/div>\n\n\n\n<p class=\"has-custom-042-f-57-color has-text-color has-link-color wp-elements-bbbe3815ca4ecf8d6364d9482cd13ab9\" style=\"font-size:clamp(0.984em, 0.984rem + ((1vw - 0.2em) * 0.516), 1.5em);\">L\u2019acquisto del biglietto al costo di 35\u20ac ti dar\u00e0 diritto a:<\/p>\n\n\n\n<ul class=\"wp-block-list\">\n<li style=\"font-size:clamp(0.984em, 0.984rem + ((1vw - 0.2em) * 0.516), 1.5em);\">accesso alla conferenza sabato 11 ottobre<\/li>\n\n\n\n<li style=\"font-size:clamp(0.984em, 0.984rem + ((1vw - 0.2em) * 0.516), 1.5em);\">accesso al&nbsp;<a href=\"https:\/\/verona.wordcamp.org\/2025\/contributor-day\/\">Contributor Day<\/a> venerd\u00ec 10 ottobre<\/li>\n\n\n\n<li style=\"font-size:clamp(0.984em, 0.984rem + ((1vw - 0.2em) * 0.516), 1.5em);\">pranzo e coffee-break in entrambe le giornate<\/li>\n\n\n\n<li style=\"font-size:clamp(0.984em, 0.984rem + ((1vw - 0.2em) * 0.516), 1.5em);\">opportunit\u00e0 di fare networking con gli altri partecipanti, incontrare gli sponsor e i relatori dei talk<\/li>\n\n\n\n<li style=\"font-size:clamp(0.984em, 0.984rem + ((1vw - 0.2em) * 0.516), 1.5em);\">ricevere i gadget di WordPress e degli sponsor<\/li>\n\n\n\n<li style=\"font-size:clamp(0.984em, 0.984rem + ((1vw - 0.2em) * 0.516), 1.5em);\">partecipare all\u2019After Party nella serata di sabato<\/li>\n<\/ul>\n\n\n\n<hr class=\"wp-block-separator has-alpha-channel-opacity is-style-wide\" style=\"margin-top:var(--wp--preset--spacing--30);margin-bottom:var(--wp--preset--spacing--30)\" \/>\n\n\n\n<p class=\"has-custom-00-b-3-e-3-color has-text-color has-link-color wp-elements-200d0f63232f8e84f30a8bc0bcd2345b\" style=\"padding-top:0;padding-right:0;padding-bottom:0;padding-left:0;font-size:clamp(1.25em, 1.25rem + ((1vw - 0.2em) * 0.75), 2em);\"><strong><s>2. WordCamp Verona, 10\u201311 ottobre 2025 \u2013 ingresso + t-shirt<\/s><\/strong><\/p>\n\n\n\n<p class=\"has-custom-042-f-57-color has-text-color has-link-color wp-elements-7b42fb43bd75b1c5d4d4a427ebb787ec\" style=\"font-size:clamp(0.984em, 0.984rem + ((1vw - 0.2em) * 0.516), 1.5em);\"><s>L\u2019acquisto del biglietto al costo di 40\u20ac ti dar\u00e0 diritto a:<\/s><\/p>\n\n\n\n<ul style=\"font-size:clamp(0.984em, 0.984rem + ((1vw - 0.2em) * 0.516), 1.5em);\" class=\"wp-block-list\">\n<li><s>accesso alla conferenza sabato 11 ottobre<\/s><\/li>\n\n\n\n<li><s>accesso al&nbsp;<a href=\"https:\/\/verona.wordcamp.org\/2025\/contributor-day\/\">Contributor Day<\/a> venerd\u00ec 10 ottobre<\/s><\/li>\n\n\n\n<li><s>pranzo e coffee-break in entrambe le giornate<\/s><\/li>\n\n\n\n<li><s>opportunit\u00e0 di fare networking con gli altri partecipanti, incontrare gli sponsor e i relatori dei talk<\/s><\/li>\n\n\n\n<li><s>ricevere i gadget di WordPress e degli sponsor<\/s><\/li>\n\n\n\n<li class=\"has-custom-042-f-57-color has-text-color has-link-color wp-elements-5358675576502093f97795a59c4c4922\"><strong><s>ricevere la t-shirt dell&#8217;evento con grafica esclusiva<\/s><\/strong><\/li>\n\n\n\n<li><s>partecipare all\u2019After Party nella serata di sabato<\/s><\/li>\n<\/ul>\n\n\n\n<p><strong><mark style=\"background-color:#fff873\" class=\"has-inline-color\">Ci dispiace, le magliette sono gi\u00e0 state ordinate e non \u00e8 pi\u00f9 possibile acquistare questo ticket!<\/mark><\/strong><\/p>\n\n\n\n<hr class=\"wp-block-separator has-alpha-channel-opacity is-style-wide\" style=\"margin-top:var(--wp--preset--spacing--30);margin-bottom:var(--wp--preset--spacing--30)\" \/>\n\n\n\n<p class=\"has-custom-00-b-3-e-3-color has-text-color has-link-color wp-elements-eabdd3237a27fa2e3132b7ebcfaa7b7e\" style=\"padding-top:0;padding-right:0;padding-bottom:0;padding-left:0;font-size:clamp(1.25em, 1.25rem + ((1vw - 0.2em) * 0.75), 2em);\"><strong>3. Copper (Microsponsor WordCamp Verona 2025)<\/strong><\/p>\n\n\n\n<p class=\"has-custom-042-f-57-color has-text-color has-link-color wp-elements-838790e392f51a0dbb5cea0ce32a6379\" style=\"font-size:clamp(0.984em, 0.984rem + ((1vw - 0.2em) * 0.516), 1.5em);\">Con l\u2019acquisto del biglietto al costo di 70\u20ac otterrai visibilit\u00e0 di fronte a un vasto pubblico e potenziali clienti. Scopri di pi\u00f9 sui <strong>Microsponsor Copper<\/strong>: <a href=\"https:\/\/verona.wordcamp.org\/2025\/vuoi-essere-uno-dei-nostri-microsponsor-copper\/\" data-type=\"link\" data-id=\"https:\/\/verona.wordcamp.org\/2025\/vuoi-essere-uno-dei-nostri-microsponsor-copper\/\" target=\"_blank\" rel=\"noreferrer noopener\"><strong><mark style=\"color:#111111\" class=\"has-inline-color\">clicca qui<\/mark><\/strong><\/a> per maggiori info.<\/p>\n\n\n\n<hr class=\"wp-block-separator has-alpha-channel-opacity is-style-wide\" style=\"margin-top:var(--wp--preset--spacing--30);margin-bottom:var(--wp--preset--spacing--30)\" \/>\n\n\n\n<p class=\"has-custom-042-f-57-color has-text-color has-link-color wp-elements-4e5a208a656d3a8408f117da19e6ef43\" style=\"padding-top:0;padding-right:0;padding-bottom:0;padding-left:0;font-size:clamp(1.25em, 1.25rem + ((1vw - 0.2em) * 0.75), 2em);\"><strong>Informazioni importanti<\/strong><\/p>\n\n\n\n<ol style=\"padding-top:0;padding-right:var(--wp--preset--spacing--30);padding-bottom:0;padding-left:var(--wp--preset--spacing--30);font-size:clamp(0.929em, 0.929rem + ((1vw - 0.2em) * 0.471), 1.4em);\" class=\"wp-block-list is-style-default has-custom-042-f-57-color has-text-color has-link-color wp-elements-300d7f5e321941ec52159e528287a8a1\">\n<li><s>La partecipazione al <strong>Contributor Day<\/strong> di venerd\u00ec 10 ottobre \u00e8 gratuita ma\u00a0<strong>\u00e8 riservata solo a chi acquista il biglietto<\/strong> in quanto i posti per il Contributor Day sono limitati: per favore acquista il biglietto solo se realmente verrai, altrimenti lascia che altri abbiano la possibilit\u00e0 di partecipare.<\/s><\/li>\n\n\n\n<li class=\"has-custom-ff-4338-color has-text-color has-link-color wp-elements-3ef753e06a5bef787449970fb33ca64d\"><strong>I posti disponibili per il Contributor Day sono esauriti. Puoi comunque metterti in lista d&#8217;attesa per eventuali posti che dovessero liberarsi. <\/strong><\/li>\n\n\n\n<li>Se in qualsiasi momento cambi idea (lo hai acquistato ma non puoi pi\u00f9 venire \/ i biglietti sono finiti ma vorresti venire) per favore segnalacelo tramite la nostra pagina di&nbsp;<a href=\"https:\/\/verona.wordcamp.org\/2025\/contact\/\">contatto<\/a>.<\/li>\n\n\n\n<li>Dopo l\u2019acquisto del biglietto,&nbsp;<strong>riceverai una mail di conferma del pagamento.<\/strong><\/li>\n\n\n\n<li><strong>Non hai bisogno di un biglietto per entrare, \u00e8 sufficiente che ti presenti alla registrazione nei giorni dell\u2019evento e riceverai il badge.<\/strong><\/li>\n<\/ol>\n\n\n\n<div class=\"wp-block-columns is-layout-flex wp-container-core-columns-is-layout-28f84493 wp-block-columns-is-layout-flex\">\n<div class=\"wp-block-column is-vertically-aligned-center has-custom-cfeff-9-background-color has-background is-layout-flow wp-block-column-is-layout-flow\" style=\"padding-top:var(--wp--preset--spacing--20);padding-right:var(--wp--preset--spacing--20);padding-bottom:var(--wp--preset--spacing--20);padding-left:var(--wp--preset--spacing--20);flex-basis:100%\">\n<p class=\"has-custom-042-f-57-color has-text-color has-link-color wp-elements-06e88f0397402aaf8bcdbdc77f8ec088\" style=\"font-size:clamp(0.984em, 0.984rem + ((1vw - 0.2em) * 0.516), 1.5em);\"><strong>Per noi \u00e8 importante organizzare un evento con un ambiente amichevole, sicuro ed accogliente, accessibile, rispettoso di tutti e protetto.<\/strong><\/p>\n\n\n\n<p class=\"has-custom-042-f-57-color has-text-color has-link-color wp-elements-5fb5487e87d8ffce2b4ac88ed1edc190\" style=\"font-size:clamp(0.984em, 0.984rem + ((1vw - 0.2em) * 0.516), 1.5em);\">Per questo adottiamo un&nbsp;<a href=\"https:\/\/verona.wordcamp.org\/2025\/codice-di-condotta\/\">Codice di condotta<\/a>. Per cortesia,&nbsp;leggilo&nbsp;prima di comprare il biglietto, perch\u00e9 chiederemo a tutti i partecipanti di rispettarlo!<\/p>\n<\/div>\n<\/div>\n\n\n<a href=\"https:\/\/verona.wordcamp.org\/2025\/tickets\/\">Please view this page in a browser to purchase or manage tickets.<\/a>\n","protected":false},"excerpt":{"rendered":"<p>I biglietti per il&nbsp;WordCamp Verona 2025 che si terr\u00e0 i giorni 10 e 11 ottobre 2025&nbsp;sono in vendita.&nbsp; Prenota subito il tuo posto! Tipologie di biglietti 1. WordCamp Verona, 10\u201311 ottobre 2025 \u2013 solo ingresso L\u2019acquisto del biglietto al costo di 35\u20ac ti dar\u00e0 diritto a: 2. WordCamp Verona, 10\u201311 ottobre 2025 \u2013 ingresso + [&hellip;]<\/p>\n","protected":false},"author":14903340,"featured_media":1138,"parent":0,"menu_order":0,"comment_status":"closed","ping_status":"closed","template":"wp-custom-template-full-width","meta":{"jetpack_post_was_ever_published":false,"footnotes":""},"class_list":["post-13","page","type-page","status-publish","has-post-thumbnail","hentry"],"jetpack_sharing_enabled":true,"_links":{"self":[{"href":"https:\/\/verona.wordcamp.org\/2025\/wp-json\/wp\/v2\/pages\/13","targetHints":{"allow":["GET"]}}],"collection":[{"href":"https:\/\/verona.wordcamp.org\/2025\/wp-json\/wp\/v2\/pages"}],"about":[{"href":"https:\/\/verona.wordcamp.org\/2025\/wp-json\/wp\/v2\/types\/page"}],"author":[{"embeddable":true,"href":"https:\/\/verona.wordcamp.org\/2025\/wp-json\/wp\/v2\/users\/14903340"}],"replies":[{"embeddable":true,"href":"https:\/\/verona.wordcamp.org\/2025\/wp-json\/wp\/v2\/comments?post=13"}],"version-history":[{"count":42,"href":"https:\/\/verona.wordcamp.org\/2025\/wp-json\/wp\/v2\/pages\/13\/revisions"}],"predecessor-version":[{"id":3021,"href":"https:\/\/verona.wordcamp.org\/2025\/wp-json\/wp\/v2\/pages\/13\/revisions\/3021"}],"wp:featuredmedia":[{"embeddable":true,"href":"https:\/\/verona.wordcamp.org\/2025\/wp-json\/wp\/v2\/media\/1138"}],"wp:attachment":[{"href":"https:\/\/verona.wordcamp.org\/2025\/wp-json\/wp\/v2\/media?parent=13"}],"curies":[{"name":"wp","href":"https:\/\/api.w.org\/{rel}","templated":true}]}}