{"id":13,"date":"2023-07-10T17:40:20","date_gmt":"2023-07-10T15:40:20","guid":{"rendered":"https:\/\/verona.wordcamp.org\/2023\/?page_id=13"},"modified":"2023-12-06T19:38:38","modified_gmt":"2023-12-06T17:38:38","slug":"tickets","status":"publish","type":"page","link":"https:\/\/verona.wordcamp.org\/2023\/tickets\/","title":{"rendered":"Tickets"},"content":{"rendered":"\n<p><\/p>\n\n\n\n<div class=\"wp-block-group has-base-background-color has-background has-global-padding is-layout-constrained wp-container-core-group-is-layout-71f92e73 wp-block-group-is-layout-constrained\" style=\"padding-top:var(--wp--preset--spacing--30);padding-right:var(--wp--preset--spacing--30);padding-bottom:var(--wp--preset--spacing--30);padding-left:var(--wp--preset--spacing--30)\">\n<p style=\"font-size:clamp(0.984em, 0.984rem + ((1vw - 0.2em) * 0.938), 1.5em);\">I biglietti per il&nbsp;<strong>WordCamp Verona 2023 che si terr\u00e0 i giorni 17 e 18 novembre 202<\/strong>3&nbsp;sono in vendita.&nbsp;<strong>Prenota subito il tuo posto!<\/strong><\/p>\n\n\n\n<p style=\"font-size:clamp(0.984em, 0.984rem + ((1vw - 0.2em) * 0.938), 1.5em);\">L\u2019acquisto del biglietto ti dar\u00e0 diritto a:<\/p>\n\n\n\n<ul class=\"wp-block-list\">\n<li style=\"font-size:clamp(0.984em, 0.984rem + ((1vw - 0.2em) * 0.938), 1.5em);\">accesso alla conferenza sabato 18 novembre<\/li>\n\n\n\n<li style=\"font-size:clamp(0.984em, 0.984rem + ((1vw - 0.2em) * 0.938), 1.5em);\">accesso al\u00a0<a href=\"https:\/\/verona.wordcamp.org\/2023\/contributor-day\/\">Contributor Day<\/a> venerd\u00ec 17 novembre<\/li>\n\n\n\n<li style=\"font-size:clamp(0.984em, 0.984rem + ((1vw - 0.2em) * 0.938), 1.5em);\">pranzo e coffee-break in entrambe le giornate<\/li>\n\n\n\n<li style=\"font-size:clamp(0.984em, 0.984rem + ((1vw - 0.2em) * 0.938), 1.5em);\">opportunit\u00e0 di fare networking con gli altri partecipanti, incontrare gli sponsor e i relatori dei talk<\/li>\n\n\n\n<li style=\"font-size:clamp(0.984em, 0.984rem + ((1vw - 0.2em) * 0.938), 1.5em);\">ricevere i gadget dell\u2019evento e degli sponsor<\/li>\n\n\n\n<li style=\"font-size:clamp(0.984em, 0.984rem + ((1vw - 0.2em) * 0.938), 1.5em);\">partecipare all\u2019After Party nella serata di sabato<\/li>\n<\/ul>\n\n\n\n<p class=\"has-text-color\" style=\"color:#2d5aef;font-size:clamp(0.984em, 0.984rem + ((1vw - 0.2em) * 0.938), 1.5em);\">La partecipazione al <strong>Contributor Day<\/strong> di venerd\u00ec 17 novembre \u00e8 gratuita ma\u00a0<strong>\u00e8 riservata solo a chi acquista il biglietto<\/strong> in quanto i posti per il Contributor Day sono limitati: per favore acquista il biglietto solo se realmente verrai, altrimenti lascia che altri abbiano la possibilit\u00e0 di partecipare. <\/p>\n\n\n\n<p style=\"font-size:clamp(0.984em, 0.984rem + ((1vw - 0.2em) * 0.938), 1.5em);\">Se in qualsiasi momento cambi idea (lo hai acquistato ma non puoi pi\u00f9 venire \/ i biglietti sono finiti ma vorresti venire) per favore segnalacelo tramite la nostra pagina di&nbsp;<a href=\"https:\/\/verona.wordcamp.org\/2023\/contact\/\">contatto<\/a>.<\/p>\n<\/div>\n\n\n\n<div class=\"wp-block-group has-background has-global-padding is-layout-constrained wp-container-core-group-is-layout-71f92e73 wp-block-group-is-layout-constrained\" style=\"background-color:#eeeeee;padding-top:var(--wp--preset--spacing--30);padding-right:var(--wp--preset--spacing--30);padding-bottom:var(--wp--preset--spacing--30);padding-left:var(--wp--preset--spacing--30)\">\n<p>Dopo l\u2019acquisto del biglietto,&nbsp;<strong>riceverai una mail di conferma del pagamento. <\/strong><\/p>\n\n\n\n<p><strong>Non hai bisogno di un biglietto per entrare<\/strong>, \u00e8 sufficiente che ti presenti alla registrazione nei giorni dell\u2019evento e riceverai il badge.<br>Per noi \u00e8 importante organizzare un evento con un ambiente amichevole, sicuro ed accogliente, accessibile, rispettoso di tutti e protetto. Per questo adottiamo un\u00a0<a href=\"https:\/\/verona.wordcamp.org\/2023\/codice-di-condotta\/\">Codice di condotta<\/a>. Per cortesia,\u00a0leggilo\u00a0prima di comprare il biglietto, perch\u00e9 chiederemo a tutti i partecipanti di rispettarlo!<\/p>\n<\/div>\n\n\n<a href=\"https:\/\/verona.wordcamp.org\/2023\/tickets\/\">Please view this page in a browser to purchase or manage tickets.<\/a>\n","protected":false},"excerpt":{"rendered":"<p>I biglietti per il&nbsp;WordCamp Verona 2023 che si terr\u00e0 i giorni 17 e 18 novembre 2023&nbsp;sono in vendita.&nbsp;Prenota subito il tuo posto! L\u2019acquisto del biglietto ti dar\u00e0 diritto a: La partecipazione al Contributor Day di venerd\u00ec 17 novembre \u00e8 gratuita ma\u00a0\u00e8 riservata solo a chi acquista il biglietto in quanto i posti per il Contributor [&hellip;]<\/p>\n","protected":false},"author":15812760,"featured_media":0,"parent":0,"menu_order":0,"comment_status":"closed","ping_status":"closed","template":"","meta":{"jetpack_post_was_ever_published":false,"footnotes":""},"class_list":["post-13","page","type-page","status-publish","hentry"],"jetpack_sharing_enabled":true,"_links":{"self":[{"href":"https:\/\/verona.wordcamp.org\/2023\/wp-json\/wp\/v2\/pages\/13","targetHints":{"allow":["GET"]}}],"collection":[{"href":"https:\/\/verona.wordcamp.org\/2023\/wp-json\/wp\/v2\/pages"}],"about":[{"href":"https:\/\/verona.wordcamp.org\/2023\/wp-json\/wp\/v2\/types\/page"}],"author":[{"embeddable":true,"href":"https:\/\/verona.wordcamp.org\/2023\/wp-json\/wp\/v2\/users\/15812760"}],"replies":[{"embeddable":true,"href":"https:\/\/verona.wordcamp.org\/2023\/wp-json\/wp\/v2\/comments?post=13"}],"version-history":[{"count":18,"href":"https:\/\/verona.wordcamp.org\/2023\/wp-json\/wp\/v2\/pages\/13\/revisions"}],"predecessor-version":[{"id":1638,"href":"https:\/\/verona.wordcamp.org\/2023\/wp-json\/wp\/v2\/pages\/13\/revisions\/1638"}],"wp:attachment":[{"href":"https:\/\/verona.wordcamp.org\/2023\/wp-json\/wp\/v2\/media?parent=13"}],"curies":[{"name":"wp","href":"https:\/\/api.w.org\/{rel}","templated":true}]}}