{"id":814,"date":"2019-04-01T18:24:27","date_gmt":"2019-04-01T18:24:27","guid":{"rendered":"https:\/\/2019.verona.wordcamp.org\/?page_id=814"},"modified":"2019-09-30T21:06:31","modified_gmt":"2019-09-30T19:06:31","slug":"il-contributor-day","status":"publish","type":"page","link":"https:\/\/verona.wordcamp.org\/2019\/il-contributor-day\/","title":{"rendered":"Il Contributor Day"},"content":{"rendered":"\n<p>WordCamp Verona 2019 non \u00e8 solo una conferenza dedicata a WordPress.<\/p>\n\n\n\n<p>Come \u00e8 consuetudine della maggior parte dei WordCamp <strong>il giorno prima della conferenza ci sar\u00e0 una giornata di lavoro in gruppo<\/strong> in alcune delle aree che compongono il <strong>progetto Open Source WordPress.org<\/strong>.<br>Sar\u00e0 un\u2019ottima occasione per essere coinvolti attivamente nella grande e bellissima community internazionale di WordPress.<\/p>\n\n\n\n<p>Quindi <strong>venerd\u00ec 11 ottobre 2019<\/strong> siete tutti invitati <strong>al Contributor Day, non c\u2019\u00e8 bisogno di saper programmare!<\/strong> Ma attenzione <strong>i posti sono limitati<\/strong> e la propria partecipazione va segnata in fase di acquisto del biglietto del WordCamp.<\/p>\n\n\n\n<p>Trovi altre informazioni <a href=\"https:\/\/2019.verona.wordcamp.org\/category\/contributor-day\/\">nei post con categoria &#8220;contributor-day&#8221;. <\/a><\/p>\n\n\n\n<h2 class=\"wp-block-heading\">Cos\u2019\u00e8 il Contributor Day<\/h2>\n\n\n\n<p>Una giornata in cui contribuire: ci divideremo in gruppi guidati da contributor con esperienza sulle diverse aree che compongono WordPress.<\/p>\n\n\n\n<p>Come tutti i progetti open source, WordPress \u00e8 infatti aggiornato e migliorato continuamente da volontari sparsi in tutto il mondo che dedicano una parte del proprio tempo a questo progetto.<\/p>\n\n\n\n<p><strong>Ogni contributo conta!<\/strong> Da qualche ora al mese dedicata a rispondere alle domande nei forum o alle traduzioni di plugin e temi, fino alla contribuzione al core, ovvero il codice che sta sotto il cofano.<\/p>\n\n\n\n<p>Lo scopo principale del Contributor Day \u00e8 imparare a contribuire a WordPress. <\/p>\n\n\n\n<h2 class=\"wp-block-heading\">A chi \u00e8 rivolto<\/h2>\n\n\n\n<p><strong>Hai una esperienza (a qualsiasi livello) con WordPress? Allora puoi contribuire!<\/strong><\/p>\n\n\n\n<p>Questa giornata \u00e8 dedicata a scoprire come si pu\u00f2 essere coinvolti in uno dei tanti diversi team. Non \u00e8 un workshop di programmazione, non \u00e8 rivolto solo a chi scrive codice, non \u00e8 fatto solo da chi ha gi\u00e0 contribuito prima.<\/p>\n\n\n\n<p><strong>Anzi: se \u00e8 la tua prima volta, questa giornata \u00e8 proprio il momento giusto per conoscere, imparare, iniziare.<\/strong><\/p>\n\n\n\n<p>O anche solo per curiosare, conoscere delle persone, passare una giornata insieme alla community, fianco a fianco con contributor esperti e nuovi amici!<\/p>\n\n\n\n<p><strong>C\u2019\u00e8 bisogno di tutti<\/strong>: persone che sviluppano, analizzano i problemi di design, UX e accessibilit\u00e0, scrivono, traducono, fanno test, persone gentili che hanno voglia di rispondere nei forum.<br><\/p>\n\n\n\n<h2 class=\"wp-block-heading\">I team<\/h2>\n\n\n\n<p>Il progetto WordPress.org \u00e8 portato avanti al momento da <a href=\"https:\/\/make.wordpress.org\/\">18 gruppi di lavoro principali<\/a>, team di lavoro dedicati ad aspetti diversi: dal codice al design, dagli eventi al marketing, dalle traduzioni al supporto nei forum\u2026<\/p>\n\n\n\n<p><strong>Al Contributor Day di Verona scopriremo insieme che cosa fanno questi team, come e perch\u00e9 essere coinvolti attivamente.<\/strong><\/p>\n\n\n\n<p>Ci saranno membri gi\u00e0 attivi della community che ti aiuteranno ad ambientarti e ti guideranno nel lavoro: al mattino ci divideremo in gruppi,  in base a competenze, richieste e disponibilit\u00e0. Ma non ci sono regole fisse: durante la giornata si pu\u00f2 anche cambiare gruppo di lavoro.<\/p>\n\n\n\n<p>Preparati a lavorare <strong>fianco a fianco con persone provenienti dall\u2019Italia e dall\u2019estero<\/strong>, sar\u00e0 una giornata indimenticabile!<\/p>\n\n\n\n<h2 class=\"wp-block-heading\">Quando e dove<\/h2>\n\n\n\n<p>Il Contributor Day si terr\u00e0 l\u2019<strong>11 ottobre 2019<\/strong>, accettazione aperta dalle <strong>9:30<\/strong>, inizio lavori alle <strong>10:00<\/strong>.<br>Il Contributor Day si svolger\u00e0 presso l\u2019<a href=\"https:\/\/goo.gl\/maps\/tmq4UaVgvF32\"><strong>Hotel San Marco<\/strong><\/a>, in <strong>Via Longhena 42, Verona<\/strong>. Vai alla <a href=\"https:\/\/goo.gl\/maps\/tmq4UaVgvF32\">mappa Google<\/a>. <\/p>\n\n\n\n<h2 class=\"wp-block-heading\">Come ci si iscrive al Contributor Day<\/h2>\n\n\n\n<p>Per poter partecipare \u00e8 necessario acquistare il biglietto del WordCamp e durante la procedura di acquisto segnare che si intende partecipare al Contributor Day del venerd\u00ec. <strong>I posti disponibili ai tavoli del Contributor Day purtroppo sono limitati<\/strong>, se durante la procedura di acquisto non compare la sezione ad esso dedicata vuol dire che i posti sono gi\u00e0 terminati.<\/p>\n\n\n\n<p>Se hai acquistato il biglietto segnando anche la partecipazione al Contributor Day e successivamente non puoi pi\u00f9 essere presente il venerd\u00ec, ti chiediamo di segnalarcelo per poter rendere disponibile questa opportunit\u00e0 per qualcun altro.<\/p>\n\n\n\n<h2 class=\"wp-block-heading\">Nel frattempo ti consigliamo di:<\/h2>\n\n\n\n<ul class=\"wp-block-list\"><li><a href=\"https:\/\/login.wordpress.org\/register?locale=it_IT\">aprire un account<\/a> WordPress.org;<\/li><li><a href=\"https:\/\/make.wordpress.org\/\">fare un giro su Make WordPress<\/a> per sapere qualcosa di pi\u00f9 sulle possibilit\u00e0 di contribuzione;<\/li><li>raggiungerci nella community WordPress italiana in Slack con l\u2019email che ti \u00e8 stata assegnata al momento della creazione dell\u2019account WordPress.org (sul sito italiano di WordPress in italiano <a href=\"https:\/\/it.wordpress.org\/slack\/\">c\u2019\u00e8 una guida all\u2019iscrizione<\/a>)<\/li><\/ul>\n\n\n\n<h2 class=\"wp-block-heading\">Cosa portare<\/h2>\n\n\n\n<p>Ingredienti fondamentali:<\/p>\n\n\n\n<ul class=\"wp-block-list\"><li>la <strong>voglia di imparare e contribuire<\/strong> a rendere WordPress migliore per tutti!<\/li><li>il tuo <strong>computer<\/strong>, \u00e8 necessario per quasi tutti i team<\/li><li>il <strong>caricabatterie<\/strong>!<\/li><li>se ti piace prendere appunti sulla carta porta anche un quaderno e penne<\/li><li>e perch\u00e9 no? Biglietti da visita per restare in contatto con tutte le nuove persone che conoscerai a Verona!<\/li><\/ul>\n\n\n\n<h2 class=\"wp-block-heading\">FAQ<\/h2>\n\n\n\n<p style=\"color:#2204b7\" class=\"has-text-color\"><strong>\u00c8 necessario sapere l\u2019inglese?<\/strong><\/p>\n\n\n\n<p>Non \u00e8 fondamentale parlarlo perfettamente, ma una conoscenza base, anche scolastica, aiuta sia a interagire con gli altri partecipanti, sia nella lettura di istruzioni, documentazione, ecc\u2026 Davvero, basta una conoscenza scolastica.<\/p>\n\n\n\n<p style=\"color:#2204b7\" class=\"has-text-color\"><strong>Non ho capito come iscrivermi a Slack, ci sono 3 pagine di istruzioni! Mi aiutate?<\/strong><\/p>\n\n\n\n<p>Non farti fermare da questo particolare! Vieni, ti aiutiamo noi.<\/p>\n\n\n\n<p style=\"color:#2204b7\" class=\"has-text-color\"><strong>Ma perch\u00e9 lo fate di venerd\u00ec? Io di venerd\u00ec lavoro!<\/strong><\/p>\n\n\n\n<p>Trovare la giornata giusta non \u00e8 mai facile, l\u2019ecosistema WordPress \u00e8 fatto di freelance, dipendenti, dirigenti, ecc\u2026 Abbiamo scelto di fare il Contributor Day di venerd\u00ec perch\u00e9 \u00e8 un ottimo modo per conoscere altri partecipanti, soprattutto se vieni da solo: il giorno dopo avrai gi\u00e0 degli amici per andare a prendere il caff\u00e8. Fidati quando ti diciamo che \u00e8 una giornata di ferie ben spesa!<\/p>\n","protected":false},"excerpt":{"rendered":"<p>WordCamp Verona 2019 non \u00e8 solo una conferenza dedicata a WordPress. Come \u00e8 consuetudine della maggior parte dei WordCamp il giorno prima della conferenza ci sar\u00e0 una giornata di lavoro in gruppo in alcune delle aree che compongono il progetto &hellip; <a href=\"https:\/\/verona.wordcamp.org\/2019\/il-contributor-day\/\">Continua la lettura <span class=\"assistive-text\">Il Contributor Day<\/span>  <span class=\"meta-nav\">&rarr;<\/span><\/a><\/p>\n","protected":false},"author":14523186,"featured_media":0,"parent":0,"menu_order":0,"comment_status":"closed","ping_status":"closed","template":"","meta":{"jetpack_post_was_ever_published":false,"footnotes":""},"class_list":["post-814","page","type-page","status-publish","hentry"],"jetpack_sharing_enabled":true,"jetpack_shortlink":"https:\/\/wp.me\/PaIveq-d8","_links":{"self":[{"href":"https:\/\/verona.wordcamp.org\/2019\/wp-json\/wp\/v2\/pages\/814","targetHints":{"allow":["GET"]}}],"collection":[{"href":"https:\/\/verona.wordcamp.org\/2019\/wp-json\/wp\/v2\/pages"}],"about":[{"href":"https:\/\/verona.wordcamp.org\/2019\/wp-json\/wp\/v2\/types\/page"}],"author":[{"embeddable":true,"href":"https:\/\/verona.wordcamp.org\/2019\/wp-json\/wp\/v2\/users\/14523186"}],"replies":[{"embeddable":true,"href":"https:\/\/verona.wordcamp.org\/2019\/wp-json\/wp\/v2\/comments?post=814"}],"version-history":[{"count":12,"href":"https:\/\/verona.wordcamp.org\/2019\/wp-json\/wp\/v2\/pages\/814\/revisions"}],"predecessor-version":[{"id":2094,"href":"https:\/\/verona.wordcamp.org\/2019\/wp-json\/wp\/v2\/pages\/814\/revisions\/2094"}],"wp:attachment":[{"href":"https:\/\/verona.wordcamp.org\/2019\/wp-json\/wp\/v2\/media?parent=814"}],"curies":[{"name":"wp","href":"https:\/\/api.w.org\/{rel}","templated":true}]}}