{"id":678,"date":"2019-03-18T20:33:23","date_gmt":"2019-03-18T20:33:23","guid":{"rendered":"https:\/\/2019.verona.wordcamp.org\/?page_id=678"},"modified":"2019-05-18T20:32:50","modified_gmt":"2019-05-18T20:32:50","slug":"evento","status":"publish","type":"page","link":"https:\/\/verona.wordcamp.org\/2019\/evento\/","title":{"rendered":"Evento"},"content":{"rendered":"<h2>Cos&#8217;\u00e8 WordCamp Verona?<\/h2>\n<p>\u00c8 un evento organizzato dalla community veronese di WordPress, aperto a tutti gli appassionati e i professionisti del CMS pi\u00f9 diffuso al mondo.<\/p>\n<p>\u00c8 una occasione per incontrarsi, conoscersi, imparare: parleremo di WordPress a tutti i livelli. \u00c8 un evento aperto a tutti: blogger, sviluppatori, web designer, web marketer, semplici curiosi.<\/p>\n<p>In tutto il mondo si tengono centinaia di WordCamp: puoi curiosare sul sito\u00a0<a href=\"https:\/\/central.wordcamp.org\/\">central.wordcamp.org<\/a>\u00a0per saperne di pi\u00f9.<\/p>\n<h2>La conferenza<\/h2>\n<p><strong>Sabato 12 Ottobre 2019 presso Hotel San Marco (Verona)<\/strong> si svolger\u00e0 la giornata di conferenza.<br \/>\nCi saranno interventi per tutti i gusti, divisi in due track parallele si parler\u00e0 di temi dev ma anche di\u00a0contenuti, seo, marketing, business\u2026 tutto powered by WordPress!<\/p>\n<p>In qualsiasi momento della giornata potrai decidere quali interventi seguire per imparare cose nuove e confrontarti con gli altri partecipanti. Le occasioni per conoscersi non mancheranno: durante il pranzo, nelle pause tra un talk e l&#8217;altro, alla sera durante l&#8217;afterparty.<\/p>\n<p><a href=\"https:\/\/2019.verona.wordcamp.org\/call-for-speakers\/\">Qui trovi la call for speakers.<\/a><\/p>\n<h2>Il Contributor Day<\/h2>\n<p>Per chi lo desidera,\u00a0il giorno precedente al WordCamp, <strong>Venerd\u00ec 11 Ottobre, si terr\u00e0 il Contributor Day:<\/strong>\u00a0una giornata di lavoro dove tutti insieme contribuiremo, secondo le nostre competenze, al progetto open source di WordPress. Non \u00e8 necessario che tu sappia programmare, basta aver\u00a0voglia di unirti a noi per collaborare a rendere pi\u00f9 grande questa comunit\u00e0. Ci saranno diversi tavoli di lavoro, sar\u00e0 divertente!<\/p>\n<p>Per saperne di pi\u00f9, <a href=\"https:\/\/2019.verona.wordcamp.org\/il-contributor-day\/\">leggi la pagina dedicata<\/a> e iscriviti per ricevere i prossimi post, in cui spiegheremo meglio i dettagli e soprattutto perch\u00e9 dovresti partecipare <em>(spoiler: perch\u00e9 \u00e8 bellissimo).\u00a0<\/em><br \/>\nNB: i posti per partecipare a questa giornata sono limitati.<\/p>\n<h2>Voglio partecipare!<\/h2>\n<p><a href=\"https:\/\/2019.verona.wordcamp.org\/tickets\/\">Acquista il tuo biglietto!<\/a> Il costo del biglietto \u00e8 simbolico e ci aiuta a coprire parte delle spese.<br \/>\n<strong>Tutta l\u2019organizzazione del WordCamp \u00e8 fatta da volontari e le spese sono coperte grazie agli sponsor!<\/strong><\/p>\n<p>Iscriviti agli aggiornamenti inserendo la tua mail nel box che trovi qui a fianco, cos\u00ec riceverai gli aggiornamenti.<\/p>\n","protected":false},"excerpt":{"rendered":"<p>Cos&#8217;\u00e8 WordCamp Verona? \u00c8 un evento organizzato dalla community veronese di WordPress, aperto a tutti gli appassionati e i professionisti del CMS pi\u00f9 diffuso al mondo. \u00c8 una occasione per incontrarsi, conoscersi, imparare: parleremo di WordPress a tutti i livelli. &hellip; <a href=\"https:\/\/verona.wordcamp.org\/2019\/evento\/\">Continua la lettura <span class=\"assistive-text\">Evento<\/span>  <span class=\"meta-nav\">&rarr;<\/span><\/a><\/p>\n","protected":false},"author":14903340,"featured_media":0,"parent":0,"menu_order":0,"comment_status":"closed","ping_status":"closed","template":"","meta":{"jetpack_post_was_ever_published":false,"footnotes":""},"class_list":["post-678","page","type-page","status-publish","hentry"],"jetpack_sharing_enabled":true,"jetpack_shortlink":"https:\/\/wp.me\/PaIveq-aW","_links":{"self":[{"href":"https:\/\/verona.wordcamp.org\/2019\/wp-json\/wp\/v2\/pages\/678","targetHints":{"allow":["GET"]}}],"collection":[{"href":"https:\/\/verona.wordcamp.org\/2019\/wp-json\/wp\/v2\/pages"}],"about":[{"href":"https:\/\/verona.wordcamp.org\/2019\/wp-json\/wp\/v2\/types\/page"}],"author":[{"embeddable":true,"href":"https:\/\/verona.wordcamp.org\/2019\/wp-json\/wp\/v2\/users\/14903340"}],"replies":[{"embeddable":true,"href":"https:\/\/verona.wordcamp.org\/2019\/wp-json\/wp\/v2\/comments?post=678"}],"version-history":[{"count":8,"href":"https:\/\/verona.wordcamp.org\/2019\/wp-json\/wp\/v2\/pages\/678\/revisions"}],"predecessor-version":[{"id":1064,"href":"https:\/\/verona.wordcamp.org\/2019\/wp-json\/wp\/v2\/pages\/678\/revisions\/1064"}],"wp:attachment":[{"href":"https:\/\/verona.wordcamp.org\/2019\/wp-json\/wp\/v2\/media?parent=678"}],"curies":[{"name":"wp","href":"https:\/\/api.w.org\/{rel}","templated":true}]}}