{"id":12,"date":"2019-02-11T11:39:13","date_gmt":"2019-02-11T11:39:13","guid":{"rendered":"https:\/\/2019.verona.wordcamp.org\/organizers\/"},"modified":"2019-03-15T12:30:20","modified_gmt":"2019-03-15T12:30:20","slug":"organizers","status":"publish","type":"page","link":"https:\/\/verona.wordcamp.org\/2019\/organizers\/","title":{"rendered":"Organizers"},"content":{"rendered":"\t<div class=\"wcorg-organizers\">\n\n\t\t\n\t\t\t<div class=\"wcorg-organizer\">\n\t\t\t\t<h2>Carola Speri<\/h2>\n\t\t\t\t<div class=\"wcorg-organizer-description\">\n\t\t\t\t\t\t\t\t\t\t<img alt='' src='https:\/\/secure.gravatar.com\/avatar\/502d384ca0321d549a0721c618e3b7cd313aea55deee698a5bd8d86fb273de89?s=100&#038;d=mm&#038;r=g' srcset='https:\/\/secure.gravatar.com\/avatar\/502d384ca0321d549a0721c618e3b7cd313aea55deee698a5bd8d86fb273de89?s=200&#038;d=mm&#038;r=g 2x' class='avatar avatar-100 photo' height='100' width='100' \/>\t\t\t\t\t\r\n<p>Il mio mondo \u00e8 tutto quello che riguarda la comunicazione visiva e la creativit\u00e0; creo brand, grafiche e siti web per aiutare aziende e professionisti a comunicare in maniera pi\u00f9 efficace il loro lavoro. Nel tempo libero (quando lo trovo!) cerco continuamente nuovi hobby creativi che spaziano dalla fotografia agli amigurumi, passando per mille serie tv da vedere, libri e corsi di crescita personale&#8230; in pratica, non mi annoio mai!<br \/>La mia storia d\u2019amore con la community di WordPress \u00e8 iniziata alla prima edizione del WordCamp Torino nel 2016; da allora sono passati 3 anni e sempre nel 2016 abbiamo iniziato a dare vita a questa community anche qui, nella bella Verona, prima con il meetup e poi con il primo, memorabile, WordCamp lo scorso anno. Non riesco pi\u00f9 ad immaginare di stare senza WordCamp, perch\u00e9 ci sono sempre storie autentiche, condivisione sincera tra amici e un clima di empatia tra la community!<\/p>\r\n\t\t\t\t<\/div>\n\t\t\t<\/div>\n\n\t\t\n\t\t\t<div class=\"wcorg-organizer\">\n\t\t\t\t<h2>Giulia Tosato<\/h2>\n\t\t\t\t<div class=\"wcorg-organizer-description\">\n\t\t\t\t\t\t\t\t\t\t<img alt='' src='https:\/\/secure.gravatar.com\/avatar\/9d08e373f0252fa7786f9187f9d692d49845ee8b45f281a5f9a8d9032b9b9a41?s=100&#038;d=mm&#038;r=g' srcset='https:\/\/secure.gravatar.com\/avatar\/9d08e373f0252fa7786f9187f9d692d49845ee8b45f281a5f9a8d9032b9b9a41?s=200&#038;d=mm&#038;r=g 2x' class='avatar avatar-100 photo' height='100' width='100' \/>\t\t\t\t\t\n<p>Mi sono innamorata della community WordPress nel 2016, al mio primo WordCamp Torino. Da allora sono stata volontaria, speaker e organizzatrice di WordCamp e Meetup. <br>Oggi sono una community manager e organizzatrice di eventi e conferenze: faccio a tempo pieno un lavoro meraviglioso che consiste nel far succedere cose e fare incontrare persone. <\/p>\n\t\t\t\t<\/div>\n\t\t\t<\/div>\n\n\t\t\n\t\t\t<div class=\"wcorg-organizer\">\n\t\t\t\t<h2>Giorgia Castro<\/h2>\n\t\t\t\t<div class=\"wcorg-organizer-description\">\n\t\t\t\t\t\t\t\t\t\t<img alt='' src='https:\/\/secure.gravatar.com\/avatar\/e1c2cf64705123a856dcbf22f0c2eec7c7b1b4a1feab295e4e7261315ed8e62a?s=100&#038;d=mm&#038;r=g' srcset='https:\/\/secure.gravatar.com\/avatar\/e1c2cf64705123a856dcbf22f0c2eec7c7b1b4a1feab295e4e7261315ed8e62a?s=200&#038;d=mm&#038;r=g 2x' class='avatar avatar-100 photo' height='100' width='100' \/>\t\t\t\t\t\r\n<p>Grafica freelance dal 2008, mi son avvicinata al web attraverso WordPress e son rimasta affascinata dalla community che gli gira intorno: ho conosciuto persone fantastiche, condiviso competenze, avviato nuove collaborazioni e imparato un sacco di cose nuove per me. E non solo questo, ho anche stretto delle bellissime amicizie. Come direbbe George\u2026 WHAT ELSE?<br \/>Sono tra i membri del WordPress Verona Meetup (ma non mi perdo anche quelli nei paraggi quando posso), mi diletto a collaborare con il team Polyglots (se verrai al Contributor Day te ne innamorerai anche tu) e faccio la volontaria in tutti i WordCamp cui riesco a partecipare: ho all\u2019attivo Roma (2 volte), Torino, Belgrado e Londra (ogni occasione \u00e8 un fantastico viaggio).<br \/>Nel 2018 ho partecipato all\u2019organizzazione del primo WordCamp Verona e son talmente \u201clanciata\u201d che quest\u2019anno son nel team organizzativo di WordCamp Verona, WordCamp Catania (il primo in Sicilia!!) e WordCamp Milano.<\/p>\r\n\t\t\t\t<\/div>\n\t\t\t<\/div>\n\n\t\t\n\t\t\t<div class=\"wcorg-organizer\">\n\t\t\t\t<h2>Chiara Reggiani<\/h2>\n\t\t\t\t<div class=\"wcorg-organizer-description\">\n\t\t\t\t\t\t\t\t\t\t<img alt='' src='https:\/\/secure.gravatar.com\/avatar\/a5f5cdafd74fcfbb0883b2a5e11b46333857bc98502b7ad4538f0fc145c35946?s=100&#038;d=mm&#038;r=g' srcset='https:\/\/secure.gravatar.com\/avatar\/a5f5cdafd74fcfbb0883b2a5e11b46333857bc98502b7ad4538f0fc145c35946?s=200&#038;d=mm&#038;r=g 2x' class='avatar avatar-100 photo' height='100' width='100' \/>\t\t\t\t\t\r\n<p>Laureata DAMS Teatro e nerd per passione; da dieci anni smanetto sui computer e faccio gioco di ruolo dal vivo.WordPress per me \u00e8 codice (dunque poesia), condivisione, contribuzione e comunit\u00e0.<\/p>\r\n\t\t\t\t<\/div>\n\t\t\t<\/div>\n\n\t\t\n\t\t\t<div class=\"wcorg-organizer\">\n\t\t\t\t<h2>Danilo Iurlaro<\/h2>\n\t\t\t\t<div class=\"wcorg-organizer-description\">\n\t\t\t\t\t\t\t\t\t\t<img alt='' src='https:\/\/secure.gravatar.com\/avatar\/e4b487f8a03095da2d2265873d0b793fc7334ac04a4db7aea530da1c64374732?s=100&#038;d=mm&#038;r=g' srcset='https:\/\/secure.gravatar.com\/avatar\/e4b487f8a03095da2d2265873d0b793fc7334ac04a4db7aea530da1c64374732?s=200&#038;d=mm&#038;r=g 2x' class='avatar avatar-100 photo' height='100' width='100' \/>\t\t\t\t\t\r\n<p>Consulente informatico e web developer.<br \/>Lavoro con WordPress da oltre 10 anni. Progetto, realizzo e sviluppo siti per medie\/grandi imprese ed e-commerce con WordPress + WooCommerce.<\/p>\r\n\r\n\r\n\r\n<p>Appassionato sostenitore e promotore di WordPress, partecipo attivamente al WordPress Meetup Verona.<\/p>\r\n\t\t\t\t<\/div>\n\t\t\t<\/div>\n\n\t\t\n\t\t\t<div class=\"wcorg-organizer\">\n\t\t\t\t<h2>Elena Zanoni<\/h2>\n\t\t\t\t<div class=\"wcorg-organizer-description\">\n\t\t\t\t\t\t\t\t\t\t<img alt='' src='https:\/\/secure.gravatar.com\/avatar\/33409c162e3525c6926fc29eb6cd0053dac9f71ef76e9300274e010916c8246d?s=100&#038;d=mm&#038;r=g' srcset='https:\/\/secure.gravatar.com\/avatar\/33409c162e3525c6926fc29eb6cd0053dac9f71ef76e9300274e010916c8246d?s=200&#038;d=mm&#038;r=g 2x' class='avatar avatar-100 photo' height='100' width='100' \/>\t\t\t\t\t\r\n<p>Soft Skills trainer, mi occupo di formazione e community development. Da pi\u00f9 di quindici anni facilito percorsi di crescita in team e processi di comunicazione tra le differenti funzioni aziendali. Per me \u00e8 fondamentale essere al centro dei cambiamenti e poter supportare nuove logiche innovative nelle organizzazioni con cui collaboro.<\/p>\r\n\r\n\r\n\r\n<p>Il primo WordCamp al quale ho partecipato da neofita \u00e8 stato a Milano nel 2017 e, da allora, mi sto appassionando sempre di pi\u00f9 a questo mondo e alla sua frizzante community. Da qui, ho abbracciato con entusiasmo la proposta di contribuire attivamente come volontaria e poi come organizzatrice nel team WordCamp Verona. Bellissimo il senso di arricchimento che mi da\u2019 il farne parte.\u00a0<\/p>\r\n\r\n\r\n\r\n<p>Verona mi piace ancora di pi\u00f9&#8230; ci vediamo a Ottobre!<\/p>\r\n\t\t\t\t<\/div>\n\t\t\t<\/div>\n\n\t\t\n\t\t\t<div class=\"wcorg-organizer\">\n\t\t\t\t<h2>Cristiano Zandon\u00e0<\/h2>\n\t\t\t\t<div class=\"wcorg-organizer-description\">\n\t\t\t\t\t\t\t\t\t\t<img alt='' src='https:\/\/secure.gravatar.com\/avatar\/e7107dbebe9da29205a49c65aae5121f2238b0265df9d8bf1da2563889ab4213?s=100&#038;d=mm&#038;r=g' srcset='https:\/\/secure.gravatar.com\/avatar\/e7107dbebe9da29205a49c65aae5121f2238b0265df9d8bf1da2563889ab4213?s=200&#038;d=mm&#038;r=g 2x' class='avatar avatar-100 photo' height='100' width='100' \/>\t\t\t\t\t\n<p>Sistemista presso il comune di Verona, risolvo problemi e sto in mezzo a reti e server tutto il giorno. Appassionato di WordPress per amore, nel tempo libero aiuto  &#8220;Carrie Design&#8221; con l&#8217;organizzazione dei siti web. Se mi avanza tempo mi trovate a dilettarmi con il gaming, sulla moto o a praticare qualsiasi sport. Dall&#8217;anno scorso sono stato catapultato in questo mondo del WordCamp Verona come volontario e quest&#8217;anno come organizzatore, quindi&#8230; let&#8217;s rock! <\/p>\n\t\t\t\t<\/div>\n\t\t\t<\/div>\n\n\t\t\n\t\t\t<div class=\"wcorg-organizer\">\n\t\t\t\t<h2>Lidia Pellizzaro<\/h2>\n\t\t\t\t<div class=\"wcorg-organizer-description\">\n\t\t\t\t\t\t\t\t\t\t<img alt='' src='https:\/\/secure.gravatar.com\/avatar\/bd6c40fcc238b3966a2360d5e3f4da6ecae69f69b631aea70e2eabf34cdc1c89?s=100&#038;d=mm&#038;r=g' srcset='https:\/\/secure.gravatar.com\/avatar\/bd6c40fcc238b3966a2360d5e3f4da6ecae69f69b631aea70e2eabf34cdc1c89?s=200&#038;d=mm&#038;r=g 2x' class='avatar avatar-100 photo' height='100' width='100' \/>\t\t\t\t\t\n<p>Pigio tasti da sempre per curiosit\u00e0, professione e hobby.<\/p>\n\n\n\n<p>Come in altri progetti open source mi sono avvicinata alla comunit\u00e0 di WordPress contribuendo alle traduzioni dall&#8217;inglese all&#8217;italiano. Dietro ogni interfaccia ci sono sempre almeno due persone di cui, anche noi Polyglots (traduttori WP), dobbiamo avere cura.<\/p>\n\n\n\n<p>Probabilmente negli infiniti multiversi sarei una Stark, ma dovrei tirare un dado a 20 facce per accertarmi che possa succedere&#8230;<br><\/p>\n\t\t\t\t<\/div>\n\t\t\t<\/div>\n\n\t\t\n\t<\/div><!-- .wcorg-organizers -->\n\t\n\n\n<p><\/p>\n","protected":false},"excerpt":{"rendered":"","protected":false},"author":14903340,"featured_media":0,"parent":0,"menu_order":0,"comment_status":"closed","ping_status":"closed","template":"","meta":{"jetpack_post_was_ever_published":false,"footnotes":""},"class_list":["post-12","page","type-page","status-publish","hentry"],"jetpack_sharing_enabled":true,"jetpack_shortlink":"https:\/\/wp.me\/PaIveq-c","_links":{"self":[{"href":"https:\/\/verona.wordcamp.org\/2019\/wp-json\/wp\/v2\/pages\/12","targetHints":{"allow":["GET"]}}],"collection":[{"href":"https:\/\/verona.wordcamp.org\/2019\/wp-json\/wp\/v2\/pages"}],"about":[{"href":"https:\/\/verona.wordcamp.org\/2019\/wp-json\/wp\/v2\/types\/page"}],"author":[{"embeddable":true,"href":"https:\/\/verona.wordcamp.org\/2019\/wp-json\/wp\/v2\/users\/14903340"}],"replies":[{"embeddable":true,"href":"https:\/\/verona.wordcamp.org\/2019\/wp-json\/wp\/v2\/comments?post=12"}],"version-history":[{"count":1,"href":"https:\/\/verona.wordcamp.org\/2019\/wp-json\/wp\/v2\/pages\/12\/revisions"}],"predecessor-version":[{"id":634,"href":"https:\/\/verona.wordcamp.org\/2019\/wp-json\/wp\/v2\/pages\/12\/revisions\/634"}],"wp:attachment":[{"href":"https:\/\/verona.wordcamp.org\/2019\/wp-json\/wp\/v2\/media?parent=12"}],"curies":[{"name":"wp","href":"https:\/\/api.w.org\/{rel}","templated":true}]}}