{"id":9,"date":"2018-01-17T18:11:12","date_gmt":"2018-01-17T17:11:12","guid":{"rendered":"https:\/\/2018.verona.wordcamp.org\/sessions\/"},"modified":"2018-08-27T16:39:53","modified_gmt":"2018-08-27T14:39:53","slug":"sessions","status":"publish","type":"page","link":"https:\/\/verona.wordcamp.org\/2018\/sessions\/","title":{"rendered":"Sessions"},"content":{"rendered":"\n\t<div class=\"wcorg-sessions\">\n\t\t\n\t\t\t<div id=\"wcorg-session-1284\" class=\"wcorg-session\" >\n\t\t\t\t<h2>\n\t\t\t\t\t&#8220;Smart Design&#8221; con WordPress [45&#8242;]\t\t\t\t<\/h2>\n\n\t\t\t\t<div class=\"wcorg-session-description\">\n\t\t\t\t\t\t\t\t\t\t<p class=\"wcpt-session-meta\">Presented by <a href=\"https:\/\/verona.wordcamp.org\/2018\/speaker\/vanessa-meggiolaro\/\">Vanessa Meggiolaro<\/a> in Sala 1.<\/p>\t\t\t\t\t\t\t\t\t\t<p>Data la fortissima concorrenza su internet, realizzare un sito web efficace \u00e8 diventato sempre pi\u00f9 difficile e dispendioso. \u00c8 necessario abbandonare vecchie metodologie, senza dover prendere le distanze da piattaforme gi\u00e0 consolidate.<br \/>\nIl Growth-Driven Design \u00e8 un approccio intelligente ed efficace, adatto a tutte le tecnologie web, che consente di pubblicare il proprio sito in meno tempo e con costi contenuti.<br \/>\nVediamo assieme come ha rivoluzionato la progettazione web ed in cosa differisce dal design tradizionale!<\/p>\n\n\t\t\t\t\t\t\t\t\t<\/div>\n\t\t\t<\/div>\n\n\t\t\n\t\t\t<div id=\"wcorg-session-1281\" class=\"wcorg-session\" >\n\t\t\t\t<h2>\n\t\t\t\t\tCambio lavoro: da graphic design a web design [15&#8242;]\t\t\t\t<\/h2>\n\n\t\t\t\t<div class=\"wcorg-session-description\">\n\t\t\t\t\t\t\t\t\t\t<p class=\"wcpt-session-meta\">Presented by <a href=\"https:\/\/verona.wordcamp.org\/2018\/speaker\/maria-girelli\/\">Maria Girelli<\/a> in Sala 1.<\/p>\t\t\t\t\t\t\t\t\t\t<p>Come effettuare un rapido processo dalla carriera di grafico pubblicitario alla carriera di webdesigner,\u00a0tramite l\u2019utilizzo di una piattaforma open source come WordPress.<\/p>\n<p>Come sfruttare al meglio le proprie competenze nel design, applicandole in modo diretto alla costruzione di siti web, trovandosi coinvolti in molteplici progetti online (e anche offline).<\/p>\n\n\t\t\t\t\t\t\t\t\t<\/div>\n\t\t\t<\/div>\n\n\t\t\n\t\t\t<div id=\"wcorg-session-1311\" class=\"wcorg-session\" >\n\t\t\t\t<h2>\n\t\t\t\t\tCome ho reso migliore la vita agli altri tramite WordPress [15&#8242;]\t\t\t\t<\/h2>\n\n\t\t\t\t<div class=\"wcorg-session-description\">\n\t\t\t\t\t\t\t\t\t\t<p class=\"wcpt-session-meta\">Presented by <a href=\"https:\/\/verona.wordcamp.org\/2018\/speaker\/marco-narzisi\/\">Marco Narzisi<\/a> in Sala 1.<\/p>\t\t\t\t\t\t\t\t\t\t<p>Prima che con i clienti, abbiamo a che fare con le persone. E le persone possono avere un aiuto concreto tramite il nostro lavoro con WordPress.<\/p>\n<p>Racconter\u00f2 alcune brevi storie di persone a cui in un modo o nell&#8217;altro, tramite WordPress, ho cambiato qualcosa nella vita, migliorando la qualit\u00e0 del loro lavoro e dando, a volte, un po&#8217; di serenit\u00e0, se non di felicit\u00e0.<\/p>\n\n\t\t\t\t\t\t\t\t\t<\/div>\n\t\t\t<\/div>\n\n\t\t\n\t\t\t<div id=\"wcorg-session-1330\" class=\"wcorg-session\" >\n\t\t\t\t<h2>\n\t\t\t\t\tCome implementare i rich snippet su WordPress? [45&#8242;]\t\t\t\t<\/h2>\n\n\t\t\t\t<div class=\"wcorg-session-description\">\n\t\t\t\t\t\t\t\t\t\t<p class=\"wcpt-session-meta\">Presented by <a href=\"https:\/\/verona.wordcamp.org\/2018\/speaker\/laura-venturini\/\">Laura Venturini<\/a> in Sala 2.<\/p>\t\t\t\t\t\t\t\t\t\t<p>Foto, stelline e descrizioni nei risultati della SERP di Google hanno il vantaggio (quasi certo) di aumentare il CTR (quindi, le visite al tuo sito).<br \/>\nCome si ottimizzano i rich snippet per la ricerca vocale? Come si implementano in WordPress (con e senza plugin)? E in WooCommerce?<\/p>\n<p>&nbsp;<\/p>\n\n\t\t\t\t\t\t\t\t\t<\/div>\n\t\t\t<\/div>\n\n\t\t\n\t\t\t<div id=\"wcorg-session-1169\" class=\"wcorg-session\" >\n\t\t\t\t<h2>\n\t\t\t\t\tCome la community WordPress ha reso migliore la mia vita (professionale) [15&#8242;]\t\t\t\t<\/h2>\n\n\t\t\t\t<div class=\"wcorg-session-description\">\n\t\t\t\t\t\t\t\t\t\t<p class=\"wcpt-session-meta\">Presented by <a href=\"https:\/\/verona.wordcamp.org\/2018\/speaker\/giacomo-cariulo\/\">Giacomo Cariulo<\/a> in Sala 1.<\/p>\t\t\t\t\t\t\t\t\t\t<p>I treni talvolta ti portano verso destinazioni che non avresti nemmeno immaginato.<\/p>\n<p>Due anni fa ne prendevo uno per partecipare al mio primo WordCamp, senza avere la minima idea di che tipo di evento fosse e senza sapere dell&#8217;esistenza di questa community.<\/p>\n<p>Quel treno mi ha portato qui, a raccontarvi la mia storia: di come da \u201cinconsapevole\u201d utilizzatore di un CMS, oggi l&#8217;attivit\u00e0 di sviluppo temi con WordPress sia diventata il cuore della mia vita professionale, e di come ho contribuito a far nascere e crescere il WordPress Meetup Arezzo.<\/p>\n\n\t\t\t\t\t\t\t\t\t<\/div>\n\t\t\t<\/div>\n\n\t\t\n\t\t\t<div id=\"wcorg-session-1327\" class=\"wcorg-session\" >\n\t\t\t\t<h2>\n\t\t\t\t\tContact Form 7: carica JS e CSS solo quando serve [15&#8242;]\t\t\t\t<\/h2>\n\n\t\t\t\t<div class=\"wcorg-session-description\">\n\t\t\t\t\t\t\t\t\t\t<p class=\"wcpt-session-meta\">Presented by <a href=\"https:\/\/verona.wordcamp.org\/2018\/speaker\/ada-botonjic\/\">Ada Botonjic<\/a> in Sala 2.<\/p>\t\t\t\t\t\t\t\t\t\t<p>Contact Form 7 \u00e8 uno dei plugin pi\u00f9 utilizzati e diffusi per la realizzazione di moduli di contatto su WordPress.<br \/>\nI file necessari al corretto funzionamento del plugin (Javascript e CSS) vengono per\u00f2 inclusi automaticamente in ogni pagina del sito web, anche dove non \u00e8 necessario perch\u00e9 non \u00e8 presente alcun modulo di contatto.<br \/>\nDurante questo talk vedremo come caricare i file solo quando serve in modo da migliorare le prestazioni del sito web.<\/p>\n\n\t\t\t\t\t\t\t\t\t<\/div>\n\t\t\t<\/div>\n\n\t\t\n\t\t\t<div id=\"wcorg-session-1362\" class=\"wcorg-session\" >\n\t\t\t\t<h2>\n\t\t\t\t\tCreare la Home Page Perfetta usando i Widget nativi di WordPress (Senza Plugin) [45&#8242;]\t\t\t\t<\/h2>\n\n\t\t\t\t<div class=\"wcorg-session-description\">\n\t\t\t\t\t\t\t\t\t\t<p class=\"wcpt-session-meta\">Presented by <a href=\"https:\/\/verona.wordcamp.org\/2018\/speaker\/andrea-marchetti\/\">Andrea Marchetti<\/a> in Sala 1.<\/p>\t\t\t\t\t\t\t\t\t\t<p>Il talk mostrer\u00e0 come utilizzare al meglio i nuovi Widget di WordPress (Gallery, Html, Image) per creare la Home Page perfetta.<\/p>\n<p>Vedremo come utilizzare i Widget nativi di WordPress per strutturare una Home Page che abbia il giusto messaggio, ovvero che racconti la storia giusta in termini di Comunicazione e Marketing.<\/p>\n<p>Analizzeremo sia il codice necessario per realizzare le sezioni, sia la &#8220;funzione comunicativa&#8221; di ogni singolo blocco che realizza la Home Page, in un sorta di &#8220;Bridge&#8221; tra Sviluppo Temi e Marketing.<\/p>\n<p>L&#8217;obbiettivo del talk \u00e8 realizzare e spiegare perch\u00e8 ogni sezione \u00e8 stata creata e posizionata in un determinato punto della Home Page per arrivare all&#8217;obbiettivo finale della pagina:<br \/>\n(Conversione \/ Comunicazione dei valori del Brand [\u2026]).<\/p>\n\n\t\t\t\t\t\t\t\t\t<\/div>\n\t\t\t<\/div>\n\n\t\t\n\t\t\t<div id=\"wcorg-session-1915\" class=\"wcorg-session\" >\n\t\t\t\t<h2>\n\t\t\t\t\tE-commerce a norma di legge: istruzioni d&#8217;uso [45&#8242;]\t\t\t\t<\/h2>\n\n\t\t\t\t<div class=\"wcorg-session-description\">\n\t\t\t\t\t\t\t\t\t\t<p class=\"wcpt-session-meta\">Presented by <a href=\"https:\/\/verona.wordcamp.org\/2018\/speaker\/alessandro-vercellotti\/\">Alessandro Vercellotti<\/a> in Sala 2.<\/p>\t\t\t\t\t\t\t\t\t\t<p>Le vendite su e-commerce stanno crescendo ogni anno, tuttavia c&#8217;\u00e8 la convinzione che siano fondamentali solo il sito e i prodotti commercializzati.<br \/>\nAl contrario un e-commerce che funzione si basa su termini e condizioni tutelanti per i clienti ma anche per il venditore. Nel mondo delle vendite digitali dove i servizi post vendita spesso sono determinanti per la scelta del consumatore \u00e8 necessario strutturare i termini e condizioni in modo sartoriale. Il tempo del copia e incolla \u00e8 ormai superato e le variabili sono quasi infinite.<br \/>\nDa come si struttura diversamente il diritto di recesso per B2B o B2C a come evitare responsabilit\u00e0 in caso di mancanza del prodotto in magazzino, senza dimenticarsi del vastissimo mondo degli e-commerce di servizi con le loro peculiarit\u00e0.<\/p>\n\n\t\t\t\t\t\t\t\t\t<\/div>\n\t\t\t<\/div>\n\n\t\t\n\t\t\t<div id=\"wcorg-session-1339\" class=\"wcorg-session\" >\n\t\t\t\t<h2>\n\t\t\t\t\tGREAT EXPERIENCE: la strategia tra UX e SEO [45&#8242;]\t\t\t\t<\/h2>\n\n\t\t\t\t<div class=\"wcorg-session-description\">\n\t\t\t\t\t\t\t\t\t\t<p class=\"wcpt-session-meta\">Presented by <a href=\"https:\/\/verona.wordcamp.org\/2018\/speaker\/chiaradanese\/\">Chiara Danese<\/a> in Sala 2.<\/p>\t\t\t\t\t\t\t\t\t\t<p>Quando si parla di esperienza delle persone il processo da considerare \u00e8 ampio e lungo; sicuramente non solo orientato al web.<br \/>\nCapire quando inizia e quando finisce l\u2019esperienza \u00e8 una grande sfida per chi lavora nel mondo digitale e ci sono processi, metodi e strumenti che ci possono aiutare in questo.<br \/>\nMa dove sta il confine tra l\u2019esperienze della persone e l\u2019ottimizzazione del sito web nel motore di ricerca?<br \/>\nAvere degli obiettivi e una strategia aiutano a migliorare l\u2019esperienza delle persone, a migliorare la SEO e ad aumentare le conversioni?<\/p>\n\n\t\t\t\t\t\t\t\t\t<\/div>\n\t\t\t<\/div>\n\n\t\t\n\t\t\t<div id=\"wcorg-session-1350\" class=\"wcorg-session\" >\n\t\t\t\t<h2>\n\t\t\t\t\tGutenberg, la rivoluzione di WordPress un blocco alla volta [15&#8242;]\t\t\t\t<\/h2>\n\n\t\t\t\t<div class=\"wcorg-session-description\">\n\t\t\t\t\t\t\t\t\t\t<p class=\"wcpt-session-meta\">Presented by <a href=\"https:\/\/verona.wordcamp.org\/2018\/speaker\/lorenzo-fracassi\/\">Lorenzo Fracassi<\/a> in Sala 2.<\/p>\t\t\t\t\t\t\t\t\t\t<p>Un assaggio di cos&#8217;\u00e8 Gutenberg, il rivoluzionario sistema di editing e strutturazione dei contenuti basato sui blocchi che diventer\u00e0 ufficiale con la release 5.0 di WordPress.<br \/>\nIn particolare, vedremo le conseguenze che porter\u00e0 il suo rilascio che, un blocco alla volta, prima sostituendo l&#8217;editor di testo e man mano estendendosi all&#8217;interno della piattaforma, cambier\u00e0 il modo di impaginare e di impostare l&#8217;intero sito.<\/p>\n\n\t\t\t\t\t\t\t\t\t<\/div>\n\t\t\t<\/div>\n\n\t\t\n\t\t\t<div id=\"wcorg-session-1304\" class=\"wcorg-session\" >\n\t\t\t\t<h2>\n\t\t\t\t\tIl tempo ritrovato [15&#8242;]\t\t\t\t<\/h2>\n\n\t\t\t\t<div class=\"wcorg-session-description\">\n\t\t\t\t\t\t\t\t\t\t<p class=\"wcpt-session-meta\">Presented by <a href=\"https:\/\/verona.wordcamp.org\/2018\/speaker\/ale-ziliotto\/\">Ale Ziliotto<\/a> in Sala 1.<\/p>\t\t\t\t\t\t\t\t\t\t<p>Verrai guidato in un viaggio in cui imparerai a riconoscere come e dove sprechi il tuo tempo.<\/p>\n<p>Scoprirai come ottimizzare le tue giornate per riuscire a goderti &#8211; finalmente e in santa pace &#8211; le cose che ami davvero.<\/p>\n<p>Attraverso riflessioni ed esercizi imparerai a stabilire le tue priorit\u00e0 e ad abbandonare la frase \u201cnon ho tempo!\u201d<\/p>\n\n\t\t\t\t\t\t\t\t\t<\/div>\n\t\t\t<\/div>\n\n\t\t\n\t\t\t<div id=\"wcorg-session-1368\" class=\"wcorg-session\" >\n\t\t\t\t<h2>\n\t\t\t\t\tIntroduzione a Genesis Framework [15&#8242;]\t\t\t\t<\/h2>\n\n\t\t\t\t<div class=\"wcorg-session-description\">\n\t\t\t\t\t\t\t\t\t\t<p class=\"wcpt-session-meta\">Presented by <a href=\"https:\/\/verona.wordcamp.org\/2018\/speaker\/laura-lonighi\/\">Laura Lonighi<\/a> in Sala 2.<\/p>\t\t\t\t\t\t\t\t\t\t<p>Perche\u0301 iniziare a usare Genesis Framework se sei un designer?<br \/>\nSicuramente perche\u0301 permette la realizzazione di temi con un livello tale di personalizzazione che non raggiungeremmo mai, se non con l\u2019aiuto di un programmatore. E poi perche\u0301 e\u0300 leggero e veloce. In questo talk racconto il mio approccio progettuale all\u2019utilizzo di questo framework.<\/p>\n\n\t\t\t\t\t\t\t\t\t<\/div>\n\t\t\t<\/div>\n\n\t\t\n\t\t\t<div id=\"wcorg-session-1371\" class=\"wcorg-session\" >\n\t\t\t\t<h2>\n\t\t\t\t\tLa tipografia e i web font nei siti web [45&#8242;]\t\t\t\t<\/h2>\n\n\t\t\t\t<div class=\"wcorg-session-description\">\n\t\t\t\t\t\t\t\t\t\t<p class=\"wcpt-session-meta\">Presented by <a href=\"https:\/\/verona.wordcamp.org\/2018\/speaker\/giulia-laco\/\">Giulia Laco<\/a> in Sala 1.<\/p>\t\t\t\t\t\t\t\t\t\t<p>Pi\u00f9 del 70 % dei siti web utilizza oggi i web font. Ma non tutti li usano ed implementano al meglio. Viaggio attraverso le meravigliose opportunit\u00e0 e le potenziali insidie legate alla scelta e all\u2019implementazione dei web font.<\/p>\n<ul>\n<li>Breve storia della tipografia web: dal tag font html ai variable fonts.<\/li>\n<li>Come scegliere i web font: quanti sceglierne, tipologie di servizi offerte dai fornitori di font, lingue e subsetting, licenze e device.<\/li>\n<li>Come implementare i web font: dove farli risiedere, quali formati utilizzare, come caricarli (buone pratiche di progressive enhancement).<\/li>\n<li>Come usare i web font: responsive web typography, equilibrio nel typesetting, le caratteristiche dell\u2019open type.<\/li>\n<\/ul>\n\n\t\t\t\t\t\t\t\t\t<\/div>\n\t\t\t<\/div>\n\n\t\t\n\t\t\t<div id=\"wcorg-session-1232\" class=\"wcorg-session\" >\n\t\t\t\t<h2>\n\t\t\t\t\tNascita e sviluppo di un plugin [45&#8242;]\t\t\t\t<\/h2>\n\n\t\t\t\t<div class=\"wcorg-session-description\">\n\t\t\t\t\t\t\t\t\t\t<p class=\"wcpt-session-meta\">Presented by <a href=\"https:\/\/verona.wordcamp.org\/2018\/speaker\/roberto-fietta-stefano-lissa-e-michael-travan\/\">Roberto Fietta Stefano Lissa e Michael Travan<\/a> in Sala 2.<\/p>\t\t\t\t\t\t\t\t\t\t<p>Ripercorriamo la storia di un plugin nato come esigenza personale ed arrivato ad essere uno dei plugin di email marketing pi\u00f9 diffusi.<\/p>\n<p>I punti che andremo a toccare sono:<\/p>\n<ul>\n<li>dall&#8217;esigenza personale alla pubblicazione nella repository<\/li>\n<li>il team di sviluppo: strategie e strumenti<\/li>\n<li>interazione con la community e un numero elevato di utilizzatori<\/li>\n<li>traduzione e utilizzo di translate.wordpress.org<\/li>\n<li>evoluzione per lo sviluppo di estensioni commerciali<\/li>\n<li>gestione pagamenti internazionali e normative (IVA, MOSS, &#8230;) e utilizzo servizi di terze parti (Stripe. Taxamo, PayPal, Braintree, Octobat)<\/li>\n<li>adeguamento alle normative sulla privacy (GDPR)<\/li>\n<\/ul>\n\n\t\t\t\t\t\t\t\t\t<\/div>\n\t\t\t<\/div>\n\n\t\t\n\t\t\t<div id=\"wcorg-session-1322\" class=\"wcorg-session\" >\n\t\t\t\t<h2>\n\t\t\t\t\tPublic speaking: miti da sfatare tra palco e realt\u00e0 [45&#8242;]\t\t\t\t<\/h2>\n\n\t\t\t\t<div class=\"wcorg-session-description\">\n\t\t\t\t\t\t\t\t\t\t<p class=\"wcpt-session-meta\">Presented by <a href=\"https:\/\/verona.wordcamp.org\/2018\/speaker\/simona-simionato\/\">Simona Simionato<\/a> in Sala 2.<\/p>\t\t\t\t\t\t\t\t\t\t<p>In questo talk affronteremo i falsi miti che scoraggiano molte persone a candidarsi come speaker e qualche tecnica per superare l&#8217;ansia da palcoscenico.<br \/>\nPer tutti quelli che: &#8220;la prossima volta mi candido!&#8221;<\/p>\n\n\t\t\t\t\t\t\t\t\t<\/div>\n\t\t\t<\/div>\n\n\t\t\n\t\t\t<div id=\"wcorg-session-1665\" class=\"wcorg-session\" >\n\t\t\t\t<h2>\n\t\t\t\t\tSecurity matters &#8211; non essere in ritardo! [45&#8242;]\t\t\t\t<\/h2>\n\n\t\t\t\t<div class=\"wcorg-session-description\">\n\t\t\t\t\t\t\t\t\t\t<p class=\"wcpt-session-meta\">Presented by <a href=\"https:\/\/verona.wordcamp.org\/2018\/speaker\/marian-solomon\/\">Marian Solomon<\/a>, <a href=\"https:\/\/verona.wordcamp.org\/2018\/speaker\/riccardo-bonuzzi\/\">Riccardo Bonuzzi<\/a> in Sala 1.<\/p>\t\t\t\t\t\t\t\t\t\t<p>Mettiamo a confronto i plugin piu\u0300 usati senza tralasciare qualche semplice hack che ci puo\u0300 mettere le spalle al coperto con una piccola modifica a htaccess e file-system.<\/p>\n\n\t\t\t\t\t\t\t\t\t<\/div>\n\t\t\t<\/div>\n\n\t\t\n\t\t\t<div id=\"wcorg-session-1382\" class=\"wcorg-session\" >\n\t\t\t\t<h2>\n\t\t\t\t\tTutti i tuoi siti sotto controllo in una sola dashboard: MainWP [15&#8242;]\t\t\t\t<\/h2>\n\n\t\t\t\t<div class=\"wcorg-session-description\">\n\t\t\t\t\t\t\t\t\t\t<p class=\"wcpt-session-meta\">Presented by <a href=\"https:\/\/verona.wordcamp.org\/2018\/speaker\/luisa-ravelli\/\">Luisa Ravelli<\/a> in Sala 2.<\/p>\t\t\t\t\t\t\t\t\t\t<p>La nostra prima installazione WordPress l&#8217;abbiamo guardata, coccolata, tenuta sott&#8217;occhio quotidianamente. Ma poi \u00e8 arrivata la seconda, e abbiamo dovuto dividere le nostre attenzioni. Poi la terza, la quarta, ecc. e ora seguirle tutte \u00e8 diventato complicato.<br \/>\nEcco che vengono in nostro aiuto degli strumenti per tenere sotto controllo tutte le nostre installazioni, diamo un&#8217;occhiata a MainWP Dashboard.<\/p>\n\n\t\t\t\t\t\t\t\t\t<\/div>\n\t\t\t<\/div>\n\n\t\t\n\t\t\t<div id=\"wcorg-session-1188\" class=\"wcorg-session\" >\n\t\t\t\t<h2>\n\t\t\t\t\tUI that ROCKS: introduzione pratica ai principi Gestalt applicati al web design [45&#8242;]\t\t\t\t<\/h2>\n\n\t\t\t\t<div class=\"wcorg-session-description\">\n\t\t\t\t\t\t\t\t\t\t<p class=\"wcpt-session-meta\">Presented by <a href=\"https:\/\/verona.wordcamp.org\/2018\/speaker\/piccianeri\/\">Piccia Neri<\/a> in Sala 1.<\/p>\t\t\t\t\t\t\t\t\t\t<p>L&#8217;applicazione dei principi della psicologia Gestalt alla grafica dei nostri siti WordPress pu\u00f2 migliorare notevolmente il risultato finale.<br \/>\nMolti di noi probabilmente gi\u00e0 applicano questi principi intuitivamente: adottare questo approccio in modo consapevole pu\u00f2 portare ad una migliore e pi\u00f9 significativa esperienza da parte dei visitatori dei nostri siti. E questo si traduce inevitabilmente in maggiori conversioni, traffico e successo in generale.<br \/>\nTra l&#8217;altro: non \u00e8 necessario essere grafici laureati o esperti per utilizzare questi principi.<br \/>\nIl talk esamina una selezione di principi Gestalt che hanno un reale ruolo pratico nella grafica di siti internet, chiariti da esempi di pagine esistenti.<\/p>\n\n\t\t\t\t\t\t\t\t\t<\/div>\n\t\t\t<\/div>\n\n\t\t\n\t\t\t<div id=\"wcorg-session-1359\" class=\"wcorg-session\" >\n\t\t\t\t<h2>\n\t\t\t\t\tUn esempio di Progressive Web App, passo passo [45&#8242;]\t\t\t\t<\/h2>\n\n\t\t\t\t<div class=\"wcorg-session-description\">\n\t\t\t\t\t\t\t\t\t\t<p class=\"wcpt-session-meta\">Presented by <a href=\"https:\/\/verona.wordcamp.org\/2018\/speaker\/enrico-battocchi\/\">Enrico Battocchi<\/a> in Sala 2.<\/p>\t\t\t\t\t\t\t\t\t\t<p>Le Progressive Web App coniugano la versatilit\u00e0 dello sviluppo web ai vantaggi delle applicazioni native, come il funzionamento anche offline e la possibilit\u00e0 di sfruttare le caratteristiche dei dispositivi mobili.<br \/>\nScopriamo gli elementi principali di questa tecnologia (ancora in rapida evoluzione) seguendo i passi principali per crearne una, magari con l&#8217;aiuto di WordPress.<\/p>\n\n\t\t\t\t\t\t\t\t\t<\/div>\n\t\t\t<\/div>\n\n\t\t\n\t\t\t<div id=\"wcorg-session-1197\" class=\"wcorg-session\" >\n\t\t\t\t<h2>\n\t\t\t\t\tWeb Accessibility: buone pratiche a costo e tempo zero [45&#8242;]\t\t\t\t<\/h2>\n\n\t\t\t\t<div class=\"wcorg-session-description\">\n\t\t\t\t\t\t\t\t\t\t<p class=\"wcpt-session-meta\">Presented by <a href=\"https:\/\/verona.wordcamp.org\/2018\/speaker\/antonio-trifiro\/\">Antonio Trifir\u00f2<\/a> in Sala 1.<\/p>\t\t\t\t\t\t\t\t\t\t<p>Obiettivo di questo talk sar\u00e0 quello di illustrare cos\u2019\u00e8 e per chi \u00e8 la web accessibility, mostrando come costruire un web inclusivo sia utile per una fetta di persone ampissima (considerando disabilit\u00e0 lievi, disabilit\u00e0 temporanee, abitudini diverse degli utenti e vantaggi lato SEO) e come seguire delle semplici best practice possa aiutarci a creare un web privo di barriere digitali.<\/p>\n\n\t\t\t\t\t\t\t\t\t<\/div>\n\t\t\t<\/div>\n\n\t\t\t<\/div><!-- .wcorg-sessions -->\n\n\t\n","protected":false},"excerpt":{"rendered":"","protected":false},"author":14657658,"featured_media":0,"parent":0,"menu_order":0,"comment_status":"closed","ping_status":"closed","template":"","meta":{"jetpack_post_was_ever_published":false,"footnotes":""},"class_list":["post-9","page","type-page","status-publish","hentry"],"jetpack_sharing_enabled":true,"jetpack_shortlink":"https:\/\/wp.me\/P9CHos-9","_links":{"self":[{"href":"https:\/\/verona.wordcamp.org\/2018\/wp-json\/wp\/v2\/pages\/9","targetHints":{"allow":["GET"]}}],"collection":[{"href":"https:\/\/verona.wordcamp.org\/2018\/wp-json\/wp\/v2\/pages"}],"about":[{"href":"https:\/\/verona.wordcamp.org\/2018\/wp-json\/wp\/v2\/types\/page"}],"author":[{"embeddable":true,"href":"https:\/\/verona.wordcamp.org\/2018\/wp-json\/wp\/v2\/users\/14657658"}],"replies":[{"embeddable":true,"href":"https:\/\/verona.wordcamp.org\/2018\/wp-json\/wp\/v2\/comments?post=9"}],"version-history":[{"count":5,"href":"https:\/\/verona.wordcamp.org\/2018\/wp-json\/wp\/v2\/pages\/9\/revisions"}],"predecessor-version":[{"id":1929,"href":"https:\/\/verona.wordcamp.org\/2018\/wp-json\/wp\/v2\/pages\/9\/revisions\/1929"}],"wp:attachment":[{"href":"https:\/\/verona.wordcamp.org\/2018\/wp-json\/wp\/v2\/media?parent=9"}],"curies":[{"name":"wp","href":"https:\/\/api.w.org\/{rel}","templated":true}]}}