{"id":826,"date":"2018-05-03T16:25:26","date_gmt":"2018-05-03T14:25:26","guid":{"rendered":"https:\/\/2018.verona.wordcamp.org\/?page_id=826"},"modified":"2018-10-03T16:31:57","modified_gmt":"2018-10-03T14:31:57","slug":"il-contributor-day","status":"publish","type":"page","link":"https:\/\/verona.wordcamp.org\/2018\/il-contributor-day\/","title":{"rendered":"Il Contributor Day"},"content":{"rendered":"<p>WordCamp Verona 2018 non \u00e8 solo una conferenza dedicata a WordPress: \u00e8 anche <strong>una giornata di lavoro sul progetto Open Source WordPress.org<\/strong><\/p>\n<p>Come \u00e8 consuetudine dei WordCamp, il giorno prima della conferenza, quindi Venerd\u00ec 12 Ottobre 2018, ci troviamo per il Contributor Day. <a href=\"https:\/\/2018.verona.wordcamp.org\/contributor-day-per-chi-e-come-funziona-cosa-portare\/\">Qui puoi trovare altri dettagli specifici sulla giornata<\/a>.<\/p>\n<p><strong>Siete tutti invitati!<\/strong> Non c\u2019\u00e8 bisogno di essere programmatori: ci sono tanti team, tante opportunit\u00e0 per essere coinvolti attivamente nella grande e bellissima community internazionale di WP.<\/p>\n<h2>Cos\u2019\u00e8 il Contributor Day<\/h2>\n<p>Una giornata di lavoro in gruppo, guidati da contributor esperti, sulle diverse aree che compongono WordPress.<\/p>\n<p>Come tutti i progetti open source, WordPress \u00e8\u00a0aggiornato e migliorato continuamente da volontari sparsi in tutto il mondo che dedicano una parte del proprio tempo a questo progetto.<\/p>\n<p><strong>Ogni contributo conta!<\/strong> Da qualche ora al mese dedicata a rispondere alle domande nei forum, alla traduzioni di plugin e temi, fino alla contribuzione al core, ovvero il codice che sta sotto il cofano.<\/p>\n<h2>A chi \u00e8 rivolto<\/h2>\n<p><strong>Hai una esperienza (a qualsiasi livello) con WordPress? Allora puoi contribuire!<\/strong><\/p>\n<p>Questa giornata \u00e8 dedicata a scoprire come si pu\u00f2 essere coinvolti in uno dei tanti diversi team. Non \u00e8 un workshop di programmazione, non \u00e8 rivolto solo a chi scrive codice, non \u00e8 fatto solo da chi ha gi\u00e0 contribuito prima.<\/p>\n<p><strong>Anzi: se \u00e8 la tua prima volta, questa giornata \u00e8 proprio il momento giusto per conoscere, imparare, iniziare.<br \/>\n<\/strong>O anche solo per curiosare, conoscere delle persone, passare una giornata insieme alla community, fianco a fianco contributor esperti e nuovi amici!<\/p>\n<p>Sviluppatori, designer, scrittori, traduttori, tester, esperti di UX e accessibilit\u00e0 e anche persone gentili che hanno voglia di rispondere nei forum: c\u2019\u00e8 bisogno di tutti.<\/p>\n<h2>I team<\/h2>\n<p>Il progetto <a href=\"http:\/\/make.wordpress.org\/\">WordPress.org<\/a> \u00e8 portato avanti\u00a0al momento da 18 gruppi, team di lavoro dedicati ad aspetti diversi: dal codice al design, dagli eventi al marketing, dalle traduzioni al supporto nei forum&#8230;<\/p>\n<p><strong>Al Contributor Day di Verona scopriremo insieme che cosa fanno questi team, come e perch\u00e9 essere coinvolti attivamente.<\/strong><\/p>\n<p>Ci saranno membri gi\u00e0 attivi della community che ti aiuteranno ad ambientarti e ti guideranno nel lavoro: ci divideremo in gruppi al mattino in base a competenze, richieste e disponibilit\u00e0.<\/p>\n<p>Preparati a lavorare fianco a fianco con persone provenienti da Italia e Europa, sar\u00e0 una giornata indimenticabile!<\/p>\n<h2>Nel frattempo ti consigliamo di:<\/h2>\n<ul>\n<li><a href=\"https:\/\/wordpress.org\/support\/register.php\">aprire un account<\/a> WordPress.org;<\/li>\n<li><a href=\"https:\/\/make.wordpress.org\/\">fare un giro su Make WordPress<\/a>\u00a0per sapere qualcosa di pi\u00f9 sulle possibilit\u00e0 di contribuzione.<\/li>\n<li>aprire un account Slack e raggiungerci sulla community italiana (sul sito italiano di WordPress in italiano <a href=\"https:\/\/it.wordpress.org\/slack\/\">c\u2019\u00e8\u00a0una guida all\u2019iscrizione)<\/a><\/li>\n<\/ul>\n<p>&nbsp;<\/p>\n<h2>FAQ<\/h2>\n<p><strong>\u00c8 necessario sapere l\u2019inglese?<\/strong><br \/>\nNon \u00e8 fondamentale parlarlo perfettamente, ma una conoscenza base, anche scolastica, aiuta sia a interagire con gli altri partecipanti, sia nella lettura di istruzioni, documentazione, ecc\u2026 Davvero, basta una conoscenza scolastica.<\/p>\n<p><strong>Non ho capito come iscrivermi a Slack, ci sono 3 pagine di istruzioni! Mi aiutate?<\/strong><br \/>\nNon farti fermare da questo particolare! Vieni, ti aiutiamo noi.<\/p>\n<p><strong>Ma perch\u00e9 fate di venerd\u00ec? Io di venerd\u00ec lavoro!<\/strong><br \/>\nTrovare la giornata giusta non \u00e8 mai facile, l\u2019ecosistema WordPress \u00e8 fatto di freelance, dipendenti, dirigenti, ecc\u2026 Abbiamo scelto di fare il Contributor Day di venerd\u00ec perch\u00e9 \u00e8 un ottimo modo per conoscere altri partecipanti, soprattutto se vieni da solo: il giorno dopo avrai gi\u00e0 degli amici per andare a prendere il caff\u00e8. Fidati quando ti diciamo che \u00e8 una giornata di ferie ben spesa!<\/p>\n","protected":false},"excerpt":{"rendered":"<p>WordCamp Verona 2018 non \u00e8 solo una conferenza dedicata a WordPress: \u00e8 anche una giornata di lavoro sul progetto Open Source WordPress.org Come \u00e8 consuetudine dei WordCamp, il giorno prima della conferenza, quindi Venerd\u00ec 12 Ottobre 2018, ci troviamo per &hellip; <a href=\"https:\/\/verona.wordcamp.org\/2018\/il-contributor-day\/\">Continue reading <span class=\"assistive-text\">Il Contributor Day<\/span>  <span class=\"meta-nav\">&rarr;<\/span><\/a><\/p>\n","protected":false},"author":14657658,"featured_media":0,"parent":0,"menu_order":0,"comment_status":"closed","ping_status":"closed","template":"","meta":{"jetpack_post_was_ever_published":false,"footnotes":""},"class_list":["post-826","page","type-page","status-publish","hentry"],"jetpack_sharing_enabled":true,"jetpack_shortlink":"https:\/\/wp.me\/P9CHos-dk","_links":{"self":[{"href":"https:\/\/verona.wordcamp.org\/2018\/wp-json\/wp\/v2\/pages\/826","targetHints":{"allow":["GET"]}}],"collection":[{"href":"https:\/\/verona.wordcamp.org\/2018\/wp-json\/wp\/v2\/pages"}],"about":[{"href":"https:\/\/verona.wordcamp.org\/2018\/wp-json\/wp\/v2\/types\/page"}],"author":[{"embeddable":true,"href":"https:\/\/verona.wordcamp.org\/2018\/wp-json\/wp\/v2\/users\/14657658"}],"replies":[{"embeddable":true,"href":"https:\/\/verona.wordcamp.org\/2018\/wp-json\/wp\/v2\/comments?post=826"}],"version-history":[{"count":2,"href":"https:\/\/verona.wordcamp.org\/2018\/wp-json\/wp\/v2\/pages\/826\/revisions"}],"predecessor-version":[{"id":2316,"href":"https:\/\/verona.wordcamp.org\/2018\/wp-json\/wp\/v2\/pages\/826\/revisions\/2316"}],"wp:attachment":[{"href":"https:\/\/verona.wordcamp.org\/2018\/wp-json\/wp\/v2\/media?parent=826"}],"curies":[{"name":"wp","href":"https:\/\/api.w.org\/{rel}","templated":true}]}}