{"id":7,"date":"2018-01-17T18:11:12","date_gmt":"2018-01-17T17:11:12","guid":{"rendered":"https:\/\/2018.verona.wordcamp.org\/schedule\/"},"modified":"2018-09-28T23:01:26","modified_gmt":"2018-09-28T21:01:26","slug":"schedule","status":"publish","type":"page","link":"https:\/\/verona.wordcamp.org\/2018\/schedule\/","title":{"rendered":"Programma"},"content":{"rendered":"<h1>Venerd\u00ec 12 Ottobre<\/h1>\n<p>Contributor Day: trovi le informazioni <a href=\"https:\/\/2018.verona.wordcamp.org\/il-contributor-day\/\">in questa pagina<\/a> e altri <a href=\"https:\/\/2018.verona.wordcamp.org\/contributor-day-per-chi-e-come-funziona-cosa-portare\/\">dettagli in questo post.<\/a><br \/>\nOrari di venerd\u00ec: dalle 9:30 registrazioni; alle 10 iniziamo, ci sar\u00e0 una pausa per pranzare e il caff\u00e8 sempre disponibile. Finiremo intorno alle 17.<\/p>\n<h1>Sabato 13 Ottobre 2018<\/h1>\n<p>La durata dei talk \u00e8 indicata accanto al titolo: 45 minuti [45&#8242;] o 15 minuti [15&#8242;].<\/p>\n<p>I talk di 15 minuti sono raggruppati in un&#8217;unica sessione (che inizia alle 12 e finisce alle 13) durante la quale NON \u00e8 consentito spostarsi da una sala all&#8217;altra.<\/p>\n<p>Alla fine di ogni talk da 45 minuti, invece, \u00e8 prevista una breve pausa per spostarsi, scendere al bar, chiacchierare.<\/p>\n<table class=\"wcpt-schedule\" border=\"0\"><thead><tr><th class=\"wcpt-col-time\">Time<\/th><th class=\"wcpt-col-track\"> <span class=\"wcpt-track-name\">Sala 1<\/span> <span class=\"wcpt-track-description\"><\/span> <\/th><th class=\"wcpt-col-track\"> <span class=\"wcpt-track-name\">Sala 2<\/span> <span class=\"wcpt-track-description\"><\/span> <\/th><\/tr><\/thead><tbody><tr class=\"wcpt-time-0900 global-session registrazioni\"><td class=\"wcpt-time\">09:00<\/td><td colspan=\"2\" class=\"wcb-track-track-1 wcb-track-track-2 wcpt-session-type-custom wcb-session-registrazioni\" data-track-title=\"Sala 1, Sala 2\" data-session-id=\"1979\"><div class=\"wcb-session-cell-content\"><span class=\"wcpt-session-title\">Registrazioni<\/span><\/div><\/td><\/tr><tr class=\"wcpt-time-0945 global-session benvenuto-e-introduzione\"><td class=\"wcpt-time\">09:45<\/td><td colspan=\"2\" class=\"wcb-track-track-1 wcb-track-track-2 wcpt-session-type-custom wcb-session-benvenuto-e-introduzione\" data-track-title=\"Sala 1, Sala 2\" data-session-id=\"1981\"><div class=\"wcb-session-cell-content\"><span class=\"wcpt-session-title\">Benvenuto e introduzione<\/span><\/div><\/td><\/tr><tr class=\"wcpt-time-1000\"><td class=\"wcpt-time\">10:00<\/td><td colspan=\"1\" class=\"wcb-speaker-piccianeri wcb-track-track-1 wcpt-session-type-session wcb-session-ui-that-rocks-introduzione-pratica-ai-principi-gestalt-applicati-al-web-design\" data-track-title=\"Sala 1\" data-session-id=\"1188\"><div class=\"wcb-session-cell-content\"><a class=\"wcpt-session-title\" href=\"https:\/\/verona.wordcamp.org\/2018\/session\/ui-that-rocks-introduzione-pratica-ai-principi-gestalt-applicati-al-web-design\/\">UI that ROCKS: introduzione pratica ai principi Gestalt applicati al web design [45&#8242;]<\/a> <span class=\"wcpt-session-speakers\"><a href=\"https:\/\/verona.wordcamp.org\/2018\/speakers\/#wcorg-speaker-piccianeri\">Piccia Neri<\/a><\/span><\/div><div class=\"wcb-session-favourite-icon\"><a href=\"#\" role=\"button\" class=\"fav-session-button\" aria-pressed=\"false\"><span class=\"screen-reader-text\">Favorite session: UI that ROCKS: introduzione pratica ai principi Gestalt applicati al web design [45&#8242;]<\/span><span class=\"dashicons dashicons-star-filled\"><\/span><\/a><\/div><\/td><td colspan=\"1\" class=\"wcb-speaker-enrico-battocchi wcb-track-track-2 wcpt-session-type-session wcb-session-un-esempio-di-progressive-web-app-passo-passo\" data-track-title=\"Sala 2\" data-session-id=\"1359\"><div class=\"wcb-session-cell-content\"><a class=\"wcpt-session-title\" href=\"https:\/\/verona.wordcamp.org\/2018\/session\/un-esempio-di-progressive-web-app-passo-passo\/\">Un esempio di Progressive Web App, passo passo [45&#8242;]<\/a> <span class=\"wcpt-session-speakers\"><a href=\"https:\/\/verona.wordcamp.org\/2018\/speakers\/#wcorg-speaker-enrico-battocchi\">Enrico Battocchi<\/a><\/span><\/div><div class=\"wcb-session-favourite-icon\"><a href=\"#\" role=\"button\" class=\"fav-session-button\" aria-pressed=\"false\"><span class=\"screen-reader-text\">Favorite session: Un esempio di Progressive Web App, passo passo [45&#8242;]<\/span><span class=\"dashicons dashicons-star-filled\"><\/span><\/a><\/div><\/td><\/tr><tr class=\"wcpt-time-1100\"><td class=\"wcpt-time\">11:00<\/td><td colspan=\"1\" class=\"wcb-speaker-vanessa-meggiolaro wcb-track-track-1 wcpt-session-type-session wcb-session-smart-design-con-wordpress\" data-track-title=\"Sala 1\" data-session-id=\"1284\"><div class=\"wcb-session-cell-content\"><a class=\"wcpt-session-title\" href=\"https:\/\/verona.wordcamp.org\/2018\/session\/smart-design-con-wordpress\/\">&#8220;Smart Design&#8221; con WordPress [45&#8242;]<\/a> <span class=\"wcpt-session-speakers\"><a href=\"https:\/\/verona.wordcamp.org\/2018\/speakers\/#wcorg-speaker-vanessa-meggiolaro\">Vanessa Meggiolaro<\/a><\/span><\/div><div class=\"wcb-session-favourite-icon\"><a href=\"#\" role=\"button\" class=\"fav-session-button\" aria-pressed=\"false\"><span class=\"screen-reader-text\">Favorite session: &#8220;Smart Design&#8221; con WordPress [45&#8242;]<\/span><span class=\"dashicons dashicons-star-filled\"><\/span><\/a><\/div><\/td><td colspan=\"1\" class=\"wcb-speaker-roberto-fietta-stefano-lissa-e-michael-travan wcb-track-track-2 wcpt-session-type-session wcb-session-nascita-e-sviluppo-di-un-plugin\" data-track-title=\"Sala 2\" data-session-id=\"1232\"><div class=\"wcb-session-cell-content\"><a class=\"wcpt-session-title\" href=\"https:\/\/verona.wordcamp.org\/2018\/session\/nascita-e-sviluppo-di-un-plugin\/\">Nascita e sviluppo di un plugin [45&#8242;]<\/a> <span class=\"wcpt-session-speakers\"><a href=\"https:\/\/verona.wordcamp.org\/2018\/speakers\/#wcorg-speaker-roberto-fietta-stefano-lissa-e-michael-travan\">Roberto Fietta Stefano Lissa e Michael Travan<\/a><\/span><\/div><div class=\"wcb-session-favourite-icon\"><a href=\"#\" role=\"button\" class=\"fav-session-button\" aria-pressed=\"false\"><span class=\"screen-reader-text\">Favorite session: Nascita e sviluppo di un plugin [45&#8242;]<\/span><span class=\"dashicons dashicons-star-filled\"><\/span><\/a><\/div><\/td><\/tr><tr class=\"wcpt-time-1200\"><td class=\"wcpt-time\">12:00<\/td><td colspan=\"1\" class=\"wcb-speaker-marco-narzisi wcb-track-track-1 wcpt-session-type-session wcb-session-come-ho-reso-migliore-la-vita-agli-altri-tramite-wordpress\" data-track-title=\"Sala 1\" data-session-id=\"1311\"><div class=\"wcb-session-cell-content\"><a class=\"wcpt-session-title\" href=\"https:\/\/verona.wordcamp.org\/2018\/session\/come-ho-reso-migliore-la-vita-agli-altri-tramite-wordpress\/\">Come ho reso migliore la vita agli altri tramite WordPress [15&#8242;]<\/a> <span class=\"wcpt-session-speakers\"><a href=\"https:\/\/verona.wordcamp.org\/2018\/speakers\/#wcorg-speaker-marco-narzisi\">Marco Narzisi<\/a><\/span><\/div><div class=\"wcb-session-favourite-icon\"><a href=\"#\" role=\"button\" class=\"fav-session-button\" aria-pressed=\"false\"><span class=\"screen-reader-text\">Favorite session: Come ho reso migliore la vita agli altri tramite WordPress [15&#8242;]<\/span><span class=\"dashicons dashicons-star-filled\"><\/span><\/a><\/div><\/td><td colspan=\"1\" class=\"wcb-speaker-laura-lonighi wcb-track-track-2 wcpt-session-type-session wcb-session-introduzione-a-genesis-framework\" data-track-title=\"Sala 2\" data-session-id=\"1368\"><div class=\"wcb-session-cell-content\"><a class=\"wcpt-session-title\" href=\"https:\/\/verona.wordcamp.org\/2018\/session\/introduzione-a-genesis-framework\/\">Introduzione a Genesis Framework [15&#8242;]<\/a> <span class=\"wcpt-session-speakers\"><a href=\"https:\/\/verona.wordcamp.org\/2018\/speakers\/#wcorg-speaker-laura-lonighi\">Laura Lonighi<\/a><\/span><\/div><div class=\"wcb-session-favourite-icon\"><a href=\"#\" role=\"button\" class=\"fav-session-button\" aria-pressed=\"false\"><span class=\"screen-reader-text\">Favorite session: Introduzione a Genesis Framework [15&#8242;]<\/span><span class=\"dashicons dashicons-star-filled\"><\/span><\/a><\/div><\/td><\/tr><tr class=\"wcpt-time-1215\"><td class=\"wcpt-time\">12:15<\/td><td colspan=\"1\" class=\"wcb-speaker-giacomo-cariulo wcb-track-track-1 wcpt-session-type-session wcb-session-come-la-community-wordpress-ha-reso-migliore-la-mia-vita\" data-track-title=\"Sala 1\" data-session-id=\"1169\"><div class=\"wcb-session-cell-content\"><a class=\"wcpt-session-title\" href=\"https:\/\/verona.wordcamp.org\/2018\/session\/come-la-community-wordpress-ha-reso-migliore-la-mia-vita\/\">Come la community WordPress ha reso migliore la mia vita (professionale) [15&#8242;]<\/a> <span class=\"wcpt-session-speakers\"><a href=\"https:\/\/verona.wordcamp.org\/2018\/speakers\/#wcorg-speaker-giacomo-cariulo\">Giacomo Cariulo<\/a><\/span><\/div><div class=\"wcb-session-favourite-icon\"><a href=\"#\" role=\"button\" class=\"fav-session-button\" aria-pressed=\"false\"><span class=\"screen-reader-text\">Favorite session: Come la community WordPress ha reso migliore la mia vita (professionale) [15&#8242;]<\/span><span class=\"dashicons dashicons-star-filled\"><\/span><\/a><\/div><\/td><td colspan=\"1\" class=\"wcb-speaker-luisa-ravelli wcb-track-track-2 wcpt-session-type-session wcb-session-siti-sotto-controllo-dashboard-mainwp\" data-track-title=\"Sala 2\" data-session-id=\"1382\"><div class=\"wcb-session-cell-content\"><a class=\"wcpt-session-title\" href=\"https:\/\/verona.wordcamp.org\/2018\/session\/siti-sotto-controllo-dashboard-mainwp\/\">Tutti i tuoi siti sotto controllo in una sola dashboard: MainWP [15&#8242;]<\/a> <span class=\"wcpt-session-speakers\"><a href=\"https:\/\/verona.wordcamp.org\/2018\/speakers\/#wcorg-speaker-luisa-ravelli\">Luisa Ravelli<\/a><\/span><\/div><div class=\"wcb-session-favourite-icon\"><a href=\"#\" role=\"button\" class=\"fav-session-button\" aria-pressed=\"false\"><span class=\"screen-reader-text\">Favorite session: Tutti i tuoi siti sotto controllo in una sola dashboard: MainWP [15&#8242;]<\/span><span class=\"dashicons dashicons-star-filled\"><\/span><\/a><\/div><\/td><\/tr><tr class=\"wcpt-time-1230\"><td class=\"wcpt-time\">12:30<\/td><td colspan=\"1\" class=\"wcb-speaker-maria-girelli wcb-track-track-1 wcpt-session-type-session wcb-session-cambio-lavoro-da-graphic-design-a-web-design\" data-track-title=\"Sala 1\" data-session-id=\"1281\"><div class=\"wcb-session-cell-content\"><a class=\"wcpt-session-title\" href=\"https:\/\/verona.wordcamp.org\/2018\/session\/cambio-lavoro-da-graphic-design-a-web-design\/\">Cambio lavoro: da graphic design a web design [15&#8242;]<\/a> <span class=\"wcpt-session-speakers\"><a href=\"https:\/\/verona.wordcamp.org\/2018\/speakers\/#wcorg-speaker-maria-girelli\">Maria Girelli<\/a><\/span><\/div><div class=\"wcb-session-favourite-icon\"><a href=\"#\" role=\"button\" class=\"fav-session-button\" aria-pressed=\"false\"><span class=\"screen-reader-text\">Favorite session: Cambio lavoro: da graphic design a web design [15&#8242;]<\/span><span class=\"dashicons dashicons-star-filled\"><\/span><\/a><\/div><\/td><td colspan=\"1\" class=\"wcb-speaker-ada-botonjic wcb-track-track-2 wcpt-session-type-session wcb-session-contact-form-7-carica-js-e-css-solo-quando-serve\" data-track-title=\"Sala 2\" data-session-id=\"1327\"><div class=\"wcb-session-cell-content\"><a class=\"wcpt-session-title\" href=\"https:\/\/verona.wordcamp.org\/2018\/session\/contact-form-7-carica-js-e-css-solo-quando-serve\/\">Contact Form 7: carica JS e CSS solo quando serve [15&#8242;]<\/a> <span class=\"wcpt-session-speakers\"><a href=\"https:\/\/verona.wordcamp.org\/2018\/speakers\/#wcorg-speaker-ada-botonjic\">Ada Botonjic<\/a><\/span><\/div><div class=\"wcb-session-favourite-icon\"><a href=\"#\" role=\"button\" class=\"fav-session-button\" aria-pressed=\"false\"><span class=\"screen-reader-text\">Favorite session: Contact Form 7: carica JS e CSS solo quando serve [15&#8242;]<\/span><span class=\"dashicons dashicons-star-filled\"><\/span><\/a><\/div><\/td><\/tr><tr class=\"wcpt-time-1245\"><td class=\"wcpt-time\">12:45<\/td><td colspan=\"1\" class=\"wcb-speaker-ale-ziliotto wcb-track-track-1 wcpt-session-type-session wcb-session-il-tempo-ritrovato\" data-track-title=\"Sala 1\" data-session-id=\"1304\"><div class=\"wcb-session-cell-content\"><a class=\"wcpt-session-title\" href=\"https:\/\/verona.wordcamp.org\/2018\/session\/il-tempo-ritrovato\/\">Il tempo ritrovato [15&#8242;]<\/a> <span class=\"wcpt-session-speakers\"><a href=\"https:\/\/verona.wordcamp.org\/2018\/speakers\/#wcorg-speaker-ale-ziliotto\">Ale Ziliotto<\/a><\/span><\/div><div class=\"wcb-session-favourite-icon\"><a href=\"#\" role=\"button\" class=\"fav-session-button\" aria-pressed=\"false\"><span class=\"screen-reader-text\">Favorite session: Il tempo ritrovato [15&#8242;]<\/span><span class=\"dashicons dashicons-star-filled\"><\/span><\/a><\/div><\/td><td colspan=\"1\" class=\"wcb-speaker-lorenzo-fracassi wcb-track-track-2 wcpt-session-type-session wcb-session-gutenberg-la-rivoluzione-di-wordpress-un-blocco-alla-volta\" data-track-title=\"Sala 2\" data-session-id=\"1350\"><div class=\"wcb-session-cell-content\"><a class=\"wcpt-session-title\" href=\"https:\/\/verona.wordcamp.org\/2018\/session\/gutenberg-la-rivoluzione-di-wordpress-un-blocco-alla-volta\/\">Gutenberg, la rivoluzione di WordPress un blocco alla volta [15&#8242;]<\/a> <span class=\"wcpt-session-speakers\"><a href=\"https:\/\/verona.wordcamp.org\/2018\/speakers\/#wcorg-speaker-lorenzo-fracassi\">Lorenzo Fracassi<\/a><\/span><\/div><div class=\"wcb-session-favourite-icon\"><a href=\"#\" role=\"button\" class=\"fav-session-button\" aria-pressed=\"false\"><span class=\"screen-reader-text\">Favorite session: Gutenberg, la rivoluzione di WordPress un blocco alla volta [15&#8242;]<\/span><span class=\"dashicons dashicons-star-filled\"><\/span><\/a><\/div><\/td><\/tr><tr class=\"wcpt-time-1300 global-session pranzo\"><td class=\"wcpt-time\">13:00<\/td><td colspan=\"2\" class=\"wcb-track-track-1 wcb-track-track-2 wcpt-session-type-custom wcb-session-pranzo\" data-track-title=\"Sala 1, Sala 2\" data-session-id=\"1557\"><div class=\"wcb-session-cell-content\"><span class=\"wcpt-session-title\">Pranzo<\/span><\/div><\/td><\/tr><tr class=\"wcpt-time-1430\"><td class=\"wcpt-time\">14:30<\/td><td colspan=\"1\" class=\"wcb-speaker-marian-solomon wcb-speaker-riccardo-bonuzzi wcb-track-track-1 wcpt-session-type-session wcb-session-security-matters-non-essere-in-ritardo\" data-track-title=\"Sala 1\" data-session-id=\"1665\"><div class=\"wcb-session-cell-content\"><a class=\"wcpt-session-title\" href=\"https:\/\/verona.wordcamp.org\/2018\/session\/security-matters-non-essere-in-ritardo\/\">Security matters &#8211; non essere in ritardo! [45&#8242;]<\/a> <span class=\"wcpt-session-speakers\"><a href=\"https:\/\/verona.wordcamp.org\/2018\/speakers\/#wcorg-speaker-marian-solomon\">Marian Solomon<\/a>, <a href=\"https:\/\/verona.wordcamp.org\/2018\/speakers\/#wcorg-speaker-riccardo-bonuzzi\">Riccardo Bonuzzi<\/a><\/span><\/div><div class=\"wcb-session-favourite-icon\"><a href=\"#\" role=\"button\" class=\"fav-session-button\" aria-pressed=\"false\"><span class=\"screen-reader-text\">Favorite session: Security matters &#8211; non essere in ritardo! [45&#8242;]<\/span><span class=\"dashicons dashicons-star-filled\"><\/span><\/a><\/div><\/td><td colspan=\"1\" class=\"wcb-speaker-chiaradanese wcb-track-track-2 wcpt-session-type-session wcb-session-great-experience-la-strategia-tra-ux-e-seo\" data-track-title=\"Sala 2\" data-session-id=\"1339\"><div class=\"wcb-session-cell-content\"><a class=\"wcpt-session-title\" href=\"https:\/\/verona.wordcamp.org\/2018\/session\/great-experience-la-strategia-tra-ux-e-seo\/\">GREAT EXPERIENCE: la strategia tra UX e SEO [45&#8242;]<\/a> <span class=\"wcpt-session-speakers\"><a href=\"https:\/\/verona.wordcamp.org\/2018\/speakers\/#wcorg-speaker-chiaradanese\">Chiara Danese<\/a><\/span><\/div><div class=\"wcb-session-favourite-icon\"><a href=\"#\" role=\"button\" class=\"fav-session-button\" aria-pressed=\"false\"><span class=\"screen-reader-text\">Favorite session: GREAT EXPERIENCE: la strategia tra UX e SEO [45&#8242;]<\/span><span class=\"dashicons dashicons-star-filled\"><\/span><\/a><\/div><\/td><\/tr><tr class=\"wcpt-time-1530\"><td class=\"wcpt-time\">15:30<\/td><td colspan=\"1\" class=\"wcb-speaker-antonio-trifiro wcb-track-track-1 wcpt-session-type-session wcb-session-web-accessibility-buone-pratiche-a-costo-e-tempo-zero\" data-track-title=\"Sala 1\" data-session-id=\"1197\"><div class=\"wcb-session-cell-content\"><a class=\"wcpt-session-title\" href=\"https:\/\/verona.wordcamp.org\/2018\/session\/web-accessibility-buone-pratiche-a-costo-e-tempo-zero\/\">Web Accessibility: buone pratiche a costo e tempo zero [45&#8242;]<\/a> <span class=\"wcpt-session-speakers\"><a href=\"https:\/\/verona.wordcamp.org\/2018\/speakers\/#wcorg-speaker-antonio-trifiro\">Antonio Trifir\u00f2<\/a><\/span><\/div><div class=\"wcb-session-favourite-icon\"><a href=\"#\" role=\"button\" class=\"fav-session-button\" aria-pressed=\"false\"><span class=\"screen-reader-text\">Favorite session: Web Accessibility: buone pratiche a costo e tempo zero [45&#8242;]<\/span><span class=\"dashicons dashicons-star-filled\"><\/span><\/a><\/div><\/td><td colspan=\"1\" class=\"wcb-speaker-laura-venturini wcb-track-track-2 wcpt-session-type-session wcb-session-come-implementare-i-rich-snippet-su-wordpress\" data-track-title=\"Sala 2\" data-session-id=\"1330\"><div class=\"wcb-session-cell-content\"><a class=\"wcpt-session-title\" href=\"https:\/\/verona.wordcamp.org\/2018\/session\/come-implementare-i-rich-snippet-su-wordpress\/\">Come implementare i rich snippet su WordPress? [45&#8242;]<\/a> <span class=\"wcpt-session-speakers\"><a href=\"https:\/\/verona.wordcamp.org\/2018\/speakers\/#wcorg-speaker-laura-venturini\">Laura Venturini<\/a><\/span><\/div><div class=\"wcb-session-favourite-icon\"><a href=\"#\" role=\"button\" class=\"fav-session-button\" aria-pressed=\"false\"><span class=\"screen-reader-text\">Favorite session: Come implementare i rich snippet su WordPress? [45&#8242;]<\/span><span class=\"dashicons dashicons-star-filled\"><\/span><\/a><\/div><\/td><\/tr><tr class=\"wcpt-time-1630\"><td class=\"wcpt-time\">16:30<\/td><td colspan=\"1\" class=\"wcb-speaker-giulia-laco wcb-track-track-1 wcpt-session-type-session wcb-session-i-web-font-nei-siti-web\" data-track-title=\"Sala 1\" data-session-id=\"1371\"><div class=\"wcb-session-cell-content\"><a class=\"wcpt-session-title\" href=\"https:\/\/verona.wordcamp.org\/2018\/session\/i-web-font-nei-siti-web\/\">La tipografia e i web font nei siti web [45&#8242;]<\/a> <span class=\"wcpt-session-speakers\"><a href=\"https:\/\/verona.wordcamp.org\/2018\/speakers\/#wcorg-speaker-giulia-laco\">Giulia Laco<\/a><\/span><\/div><div class=\"wcb-session-favourite-icon\"><a href=\"#\" role=\"button\" class=\"fav-session-button\" aria-pressed=\"false\"><span class=\"screen-reader-text\">Favorite session: La tipografia e i web font nei siti web [45&#8242;]<\/span><span class=\"dashicons dashicons-star-filled\"><\/span><\/a><\/div><\/td><td colspan=\"1\" class=\"wcb-speaker-alessandro-vercellotti wcb-track-track-2 wcpt-session-type-session wcb-session-e-commerce-a-norma-di-legge-istruzioni-duso\" data-track-title=\"Sala 2\" data-session-id=\"1915\"><div class=\"wcb-session-cell-content\"><a class=\"wcpt-session-title\" href=\"https:\/\/verona.wordcamp.org\/2018\/session\/e-commerce-a-norma-di-legge-istruzioni-duso\/\">E-commerce a norma di legge: istruzioni d&#8217;uso [45&#8242;]<\/a> <span class=\"wcpt-session-speakers\"><a href=\"https:\/\/verona.wordcamp.org\/2018\/speakers\/#wcorg-speaker-alessandro-vercellotti\">Alessandro Vercellotti<\/a><\/span><\/div><div class=\"wcb-session-favourite-icon\"><a href=\"#\" role=\"button\" class=\"fav-session-button\" aria-pressed=\"false\"><span class=\"screen-reader-text\">Favorite session: E-commerce a norma di legge: istruzioni d&#8217;uso [45&#8242;]<\/span><span class=\"dashicons dashicons-star-filled\"><\/span><\/a><\/div><\/td><\/tr><tr class=\"wcpt-time-1730\"><td class=\"wcpt-time\">17:30<\/td><td colspan=\"1\" class=\"wcb-speaker-andrea-marchetti wcb-track-track-1 wcpt-session-type-session wcb-session-creare-la-home-page-perfetta-usando-i-widget-nativi-di-wordpress-senza-plugin\" data-track-title=\"Sala 1\" data-session-id=\"1362\"><div class=\"wcb-session-cell-content\"><a class=\"wcpt-session-title\" href=\"https:\/\/verona.wordcamp.org\/2018\/session\/creare-la-home-page-perfetta-usando-i-widget-nativi-di-wordpress-senza-plugin\/\">Creare la Home Page Perfetta usando i Widget nativi di WordPress (Senza Plugin) [45&#8242;]<\/a> <span class=\"wcpt-session-speakers\"><a href=\"https:\/\/verona.wordcamp.org\/2018\/speakers\/#wcorg-speaker-andrea-marchetti\">Andrea Marchetti<\/a><\/span><\/div><div class=\"wcb-session-favourite-icon\"><a href=\"#\" role=\"button\" class=\"fav-session-button\" aria-pressed=\"false\"><span class=\"screen-reader-text\">Favorite session: Creare la Home Page Perfetta usando i Widget nativi di WordPress (Senza Plugin) [45&#8242;]<\/span><span class=\"dashicons dashicons-star-filled\"><\/span><\/a><\/div><\/td><td colspan=\"1\" class=\"wcb-speaker-simona-simionato wcb-track-track-2 wcpt-session-type-session wcb-session-public-speaking-miti-da-sfatare-tra-palco-e-realta\" data-track-title=\"Sala 2\" data-session-id=\"1322\"><div class=\"wcb-session-cell-content\"><a class=\"wcpt-session-title\" href=\"https:\/\/verona.wordcamp.org\/2018\/session\/public-speaking-miti-da-sfatare-tra-palco-e-realta\/\">Public speaking: miti da sfatare tra palco e realt\u00e0 [45&#8242;]<\/a> <span class=\"wcpt-session-speakers\"><a href=\"https:\/\/verona.wordcamp.org\/2018\/speakers\/#wcorg-speaker-simona-simionato\">Simona Simionato<\/a><\/span><\/div><div class=\"wcb-session-favourite-icon\"><a href=\"#\" role=\"button\" class=\"fav-session-button\" aria-pressed=\"false\"><span class=\"screen-reader-text\">Favorite session: Public speaking: miti da sfatare tra palco e realt\u00e0 [45&#8242;]<\/span><span class=\"dashicons dashicons-star-filled\"><\/span><\/a><\/div><\/td><\/tr><tr class=\"wcpt-time-1815 global-session chiusura-e-saluti\"><td class=\"wcpt-time\">18:15<\/td><td colspan=\"2\" class=\"wcb-track-track-1 wcb-track-track-2 wcpt-session-type-custom wcb-session-chiusura-della-giornata\" data-track-title=\"Sala 1, Sala 2\" data-session-id=\"1983\"><div class=\"wcb-session-cell-content\"><span class=\"wcpt-session-title\">Chiusura e saluti<\/span><\/div><\/td><\/tr><tr class=\"wcpt-time-1930 global-session afterparty\"><td class=\"wcpt-time\">19:30<\/td><td colspan=\"2\" class=\"wcb-track-track-1 wcb-track-track-2 wcpt-session-type-custom wcb-session-afterparty\" data-track-title=\"Sala 1, Sala 2\" data-session-id=\"2188\"><div class=\"wcb-session-cell-content\"><span class=\"wcpt-session-title\">AFTERPARTY!<\/span><\/div><\/td><\/tr><\/tbody><\/table>\n\t<div class=\"email-form fav-session-email-form-hide\">\n\t\t<!-- Tab links -->\n\t\t<div class=\"fav-session-share-tab\">\n\t\t\t\t\t\t\t<div class=\"fav-session-tablinks\" id=\"fav-session-btn-email\">\n\t\t\t\t\tEmail\t\t\t\t<\/div>\n\t\t\t\n\t\t\t<div class=\"fav-session-tablinks\" id=\"fav-session-btn-link\">\n\t\t\t\tLink\t\t\t<\/div>\n\n\t\t\t<div class=\"fav-session-tablinks\" id=\"fav-session-btn-print\">\n\t\t\t\tPrint\t\t\t<\/div>\n\t\t<\/div>\n\n\t\t<!-- Tab content -->\n\t\t\t\t\t<div id=\"fav-session-tab-email\" class=\"fav-session-share-tabcontent\">\n\t\t\t\t<div id=\"fav-session-email-form\">\n\t\t\t\t\tSend me my favorite sessions:\n\t\t\t\t\t<form id=\"fav-sessions-form\">\n\t\t\t\t\t\t<input\n\t\t\t\t\t\t\ttype=\"text\"\n\t\t\t\t\t\t\tname=\"email_address\"\n\t\t\t\t\t\t\tid=\"fav-sessions-email-address\"\n\t\t\t\t\t\t\tplaceholder=\"me@protonmail.com\"\n\t\t\t\t\t\t\/>\n\t\t\t\t\t\t<input type=\"submit\" value=\"Send\" \/>\n\t\t\t\t\t<\/form>\n\t\t\t\t<\/div>\n\n\t\t\t\t<div class=\"fav-session-email-wait-spinner\"><\/div>\n\t\t\t\t<div class=\"fav-session-email-result\"><\/div>\n\t\t\t<\/div>\n\t\t\n\t\t<div id=\"fav-session-tab-link\" class=\"fav-session-share-tabcontent\">\n\t\t\tShareable link:\t\t\t<br \/>\n\t\t\t<a id=\"fav-sessions-link\" href=\"\"><\/a>\n\t\t<\/div>\n\n\t\t<div id=\"fav-session-tab-print\" class=\"fav-session-share-tabcontent\">\n\t\t\t<button id=\"fav-session-print\">\n\t\t\t\tPrint favorite sessions\t\t\t<\/button>\n\t\t<\/div>\n\t<\/div>\n\n\t<a class=\"show-email-form\" href=\"javascript:\">\n\t\t<span class=\"dashicons dashicons-star-filled\"><\/span>\n\t\t<span class=\"dashicons dashicons-email-alt\"><\/span>\n\t<\/a>\n\n\t\n<p>Al termine della giornata ci sposteremo tutti a <a href=\"https:\/\/goo.gl\/maps\/CUTX6ReWQ622\" target=\"_blank\" rel=\"noopener\">Doppio Malto (Viale del Lavoro, 50)<\/a> per <strong>l&#8217;Afterparty<\/strong>! Potremo mangiare, bere, chiacchierare e passare la serata in compagnia. Offriamo noi \ud83d\ude42<\/p>\n","protected":false},"excerpt":{"rendered":"<p>Venerd\u00ec 12 Ottobre Contributor Day: trovi le informazioni in questa pagina e altri dettagli in questo post. Orari di venerd\u00ec: dalle 9:30 registrazioni; alle 10 iniziamo, ci sar\u00e0 una pausa per pranzare e il caff\u00e8 sempre disponibile. Finiremo intorno alle &hellip; <a href=\"https:\/\/verona.wordcamp.org\/2018\/schedule\/\">Continue reading <span class=\"assistive-text\">Programma<\/span>  <span class=\"meta-nav\">&rarr;<\/span><\/a><\/p>\n","protected":false},"author":14657658,"featured_media":0,"parent":0,"menu_order":0,"comment_status":"closed","ping_status":"closed","template":"","meta":{"jetpack_post_was_ever_published":false,"footnotes":""},"class_list":["post-7","page","type-page","status-publish","hentry"],"jetpack_sharing_enabled":true,"jetpack_shortlink":"https:\/\/wp.me\/P9CHos-7","_links":{"self":[{"href":"https:\/\/verona.wordcamp.org\/2018\/wp-json\/wp\/v2\/pages\/7","targetHints":{"allow":["GET"]}}],"collection":[{"href":"https:\/\/verona.wordcamp.org\/2018\/wp-json\/wp\/v2\/pages"}],"about":[{"href":"https:\/\/verona.wordcamp.org\/2018\/wp-json\/wp\/v2\/types\/page"}],"author":[{"embeddable":true,"href":"https:\/\/verona.wordcamp.org\/2018\/wp-json\/wp\/v2\/users\/14657658"}],"replies":[{"embeddable":true,"href":"https:\/\/verona.wordcamp.org\/2018\/wp-json\/wp\/v2\/comments?post=7"}],"version-history":[{"count":14,"href":"https:\/\/verona.wordcamp.org\/2018\/wp-json\/wp\/v2\/pages\/7\/revisions"}],"predecessor-version":[{"id":2267,"href":"https:\/\/verona.wordcamp.org\/2018\/wp-json\/wp\/v2\/pages\/7\/revisions\/2267"}],"wp:attachment":[{"href":"https:\/\/verona.wordcamp.org\/2018\/wp-json\/wp\/v2\/media?parent=7"}],"curies":[{"name":"wp","href":"https:\/\/api.w.org\/{rel}","templated":true}]}}